{"id":4544,"date":"2025-11-27T18:11:41","date_gmt":"2025-11-27T16:11:41","guid":{"rendered":"https:\/\/hartwoodparis.com\/?post_type=product&#038;p=4544"},"modified":"2025-12-01T11:56:29","modified_gmt":"2025-12-01T09:56:29","slug":"sac-a-main-cuir-graine","status":"publish","type":"product","link":"https:\/\/hartwoodparis.com\/en\/product\/sac-a-main-cuir-graine\/","title":{"rendered":"Sac \u00c0 Main Cuir Grain\u00e9"},"content":{"rendered":"<p>Sac \u00e0 main en cuir grain\u00e9 de veau<\/p>\n<p>Patines aux choix<\/p>","protected":false},"excerpt":{"rendered":"<p>Sac \u00e0 main en cuir grain\u00e9 de veau Patines aux choix<\/p>","protected":false},"featured_media":4497,"template":"","meta":[],"product_brand":[],"product_cat":[33],"product_tag":[],"class_list":{"0":"post-4544","1":"product","2":"type-product","3":"status-publish","4":"has-post-thumbnail","6":"product_cat-accessoires-femme","8":"first","9":"instock","10":"shipping-taxable","11":"purchasable","12":"product-type-simple"},"_links":{"self":[{"href":"https:\/\/hartwoodparis.com\/en\/wp-json\/wp\/v2\/product\/4544","targetHints":{"allow":["GET"]}}],"collection":[{"href":"https:\/\/hartwoodparis.com\/en\/wp-json\/wp\/v2\/product"}],"about":[{"href":"https:\/\/hartwoodparis.com\/en\/wp-json\/wp\/v2\/types\/product"}],"wp:featuredmedia":[{"embeddable":true,"href":"https:\/\/hartwoodparis.com\/en\/wp-json\/wp\/v2\/media\/4497"}],"wp:attachment":[{"href":"https:\/\/hartwoodparis.com\/en\/wp-json\/wp\/v2\/media?parent=4544"}],"wp:term":[{"taxonomy":"product_brand","embeddable":true,"href":"https:\/\/hartwoodparis.com\/en\/wp-json\/wp\/v2\/product_brand?post=4544"},{"taxonomy":"product_cat","embeddable":true,"href":"https:\/\/hartwoodparis.com\/en\/wp-json\/wp\/v2\/product_cat?post=4544"},{"taxonomy":"product_tag","embeddable":true,"href":"https:\/\/hartwoodparis.com\/en\/wp-json\/wp\/v2\/product_tag?post=4544"}],"curies":[{"name":"wp","href":"https:\/\/api.w.org\/{rel}","templated":true}]}}