{"id":4464,"date":"2025-11-25T17:59:01","date_gmt":"2025-11-25T15:59:01","guid":{"rendered":"https:\/\/hartwoodparis.com\/?post_type=product&#038;p=4464"},"modified":"2025-11-27T18:56:49","modified_gmt":"2025-11-27T16:56:49","slug":"jean-et-chemise-denim","status":"publish","type":"product","link":"https:\/\/hartwoodparis.com\/en\/product\/jean-et-chemise-denim\/","title":{"rendered":"Jean et Chemise Denim"},"content":{"rendered":"<p>Jean denim en coton stretch<\/p>\n<p>490\u20ac pr\u00eat \u00e0 porter<\/p>\n<p>590\u20ac en sur mesure<\/p>\n<p>&nbsp;<\/p>\n<p>Chemise denim en coton<\/p>\n<p>290\u20ac en pr\u00eat \u00e0 porter<\/p>\n<p>\u00c0 partir de 490\u20ac en sur mesure.<\/p>\n<p>&nbsp;<\/p>","protected":false},"excerpt":{"rendered":"<p>Jean denim en coton stretch 490\u20ac pr\u00eat \u00e0 porter 590\u20ac en sur mesure &nbsp; Chemise denim en coton 290\u20ac en pr\u00eat \u00e0 porter \u00c0 partir de 490\u20ac en sur mesure. &nbsp;<\/p>","protected":false},"featured_media":4445,"template":"","meta":[],"product_brand":[],"product_cat":[94],"product_tag":[],"class_list":{"0":"post-4464","1":"product","2":"type-product","3":"status-publish","4":"has-post-thumbnail","6":"product_cat-homme","8":"first","9":"instock","10":"shipping-taxable","11":"product-type-simple"},"_links":{"self":[{"href":"https:\/\/hartwoodparis.com\/en\/wp-json\/wp\/v2\/product\/4464","targetHints":{"allow":["GET"]}}],"collection":[{"href":"https:\/\/hartwoodparis.com\/en\/wp-json\/wp\/v2\/product"}],"about":[{"href":"https:\/\/hartwoodparis.com\/en\/wp-json\/wp\/v2\/types\/product"}],"wp:featuredmedia":[{"embeddable":true,"href":"https:\/\/hartwoodparis.com\/en\/wp-json\/wp\/v2\/media\/4445"}],"wp:attachment":[{"href":"https:\/\/hartwoodparis.com\/en\/wp-json\/wp\/v2\/media?parent=4464"}],"wp:term":[{"taxonomy":"product_brand","embeddable":true,"href":"https:\/\/hartwoodparis.com\/en\/wp-json\/wp\/v2\/product_brand?post=4464"},{"taxonomy":"product_cat","embeddable":true,"href":"https:\/\/hartwoodparis.com\/en\/wp-json\/wp\/v2\/product_cat?post=4464"},{"taxonomy":"product_tag","embeddable":true,"href":"https:\/\/hartwoodparis.com\/en\/wp-json\/wp\/v2\/product_tag?post=4464"}],"curies":[{"name":"wp","href":"https:\/\/api.w.org\/{rel}","templated":true}]}}