{"id":4325,"date":"2021-05-05T13:37:07","date_gmt":"2021-05-05T13:37:07","guid":{"rendered":"https:\/\/hartwoodparis.com\/?page_id=4325"},"modified":"2021-05-05T13:37:07","modified_gmt":"2021-05-05T13:37:07","slug":"esprit-de-famille-2","status":"publish","type":"page","link":"https:\/\/hartwoodparis.com\/en\/esprit-de-famille-2\/","title":{"rendered":"Family Spirit"},"content":{"rendered":"<div class=\"wpb-content-wrapper\"><div class=\"vc_row wpb_row vc_row-fluid vc_custom_1609769036848\" ><div class=\"wpb_column vc_column_container vc_col-sm-4\"><div class=\"vc_column-inner\"><div class=\"wpb_wrapper\">\n\t<div  class=\"wpb_single_image wpb_content_element vc_align_center wpb_content_element\">\n\t\t\n\t\t<figure class=\"wpb_wrapper vc_figure\">\n\t\t\t<div class=\"vc_single_image-wrapper   vc_box_border_grey\"><img fetchpriority=\"high\" decoding=\"async\" width=\"290\" height=\"375\" src=\"https:\/\/hartwoodparis.com\/wp-content\/uploads\/2020\/12\/1.jpg\" class=\"vc_single_image-img attachment-full\" alt=\"\" title=\"1\" srcset=\"https:\/\/hartwoodparis.com\/wp-content\/uploads\/2020\/12\/1.jpg 290w, https:\/\/hartwoodparis.com\/wp-content\/uploads\/2020\/12\/1-232x300.jpg 232w\" sizes=\"(max-width: 290px) 100vw, 290px\" \/><\/div>\n\t\t<\/figure>\n\t<\/div>\n<div class=\"vc_empty_space\"   style=\"height: 40px\"><span class=\"vc_empty_space_inner\"><\/span><\/div><\/div><\/div><\/div><div class=\"wpb_column vc_column_container vc_col-sm-4\"><div class=\"vc_column-inner\"><div class=\"wpb_wrapper\"><div class=\"edgtf-section-title-holder\" >\n\t<div class=\"edgtf-st-inner\">\n\t\t\t\t\t<h6 class=\"edgtf-st-tagline\" >\n\t\t\t\tFondateur \/ Founder\t\t\t<\/h6>\n\t\t\t\t\t\t\t<h1 class=\"edgtf-st-title\" >\n\t\t\t\tDOMINIQUE GUINDON\t\t\t<\/h1>\n\t\t\t\t\t\t\t<p class=\"edgtf-st-text\" >\n\t\t\t\tSince 1985, the creator of Hartwood is surrounded by a close knit team of professionals who are loyal to his personal code of values. Dominique defines his silhouettes, choice of fabrics, and finishing touches while inscribing Hartwood\u2019s reputation as a modern yet timeless style which insures its place in the most prestigious luxury ready-to-wear Parisian houses.\t\t\t<\/p>\n\t\t\t\t\t<\/div>\n<\/div><div class=\"vc_empty_space\"   style=\"height: 40px\"><span class=\"vc_empty_space_inner\"><\/span><\/div><\/div><\/div><\/div><div class=\"wpb_column vc_column_container vc_col-sm-4\"><div class=\"vc_column-inner\"><div class=\"wpb_wrapper\">\n\t<div  class=\"wpb_single_image wpb_content_element vc_align_center wpb_content_element\">\n\t\t\n\t\t<figure class=\"wpb_wrapper vc_figure\">\n\t\t\t<div class=\"vc_single_image-wrapper   vc_box_border_grey\"><img decoding=\"async\" class=\"vc_single_image-img\" src=\"https:\/\/hartwoodparis.com\/wp-content\/uploads\/2020\/12\/equipe-magasin-415x268.jpg\" width=\"415\" height=\"268\" alt=\"equipe-magasin\" title=\"equipe-magasin\" \/><\/div>\n\t\t<\/figure>\n\t<\/div>\n<div class=\"vc_empty_space\"   style=\"height: 40px\"><span class=\"vc_empty_space_inner\"><\/span><\/div><\/div><\/div><\/div><\/div><div class=\"vc_row wpb_row vc_row-fluid\" ><div class=\"wpb_column vc_column_container vc_col-sm-12\"><div class=\"vc_column-inner\"><div class=\"wpb_wrapper\"><div class=\"vc_empty_space\"   style=\"height: 100px\"><span class=\"vc_empty_space_inner\"><\/span><\/div><\/div><\/div><\/div><\/div><div class=\"vc_row wpb_row vc_row-fluid vc_custom_1609252098796 vc_row-o-content-middle vc_row-flex\" ><div class=\"wpb_column vc_column_container vc_col-sm-3\"><div class=\"vc_column-inner\"><div class=\"wpb_wrapper\"><div class=\"edgtf-section-title-holder\" >\n\t<div class=\"edgtf-st-inner\">\n\t\t\t\t\t<h6 class=\"edgtf-st-tagline\" >\n\t\t\t\tRue du Bac\t\t\t<\/h6>\n\t\t\t\t\t\t\t<h3 class=\"edgtf-st-title\" >\n\t\t\t\tOLIVIER\t\t\t<\/h3>\n\t\t\t\t\t\t\t<\/div>\n<\/div><div class=\"vc_empty_space\"   style=\"height: 20px\"><span class=\"vc_empty_space_inner\"><\/span><\/div>\n\t<div  class=\"wpb_single_image wpb_content_element vc_align_left wpb_content_element\">\n\t\t\n\t\t<figure class=\"wpb_wrapper vc_figure\">\n\t\t\t<div class=\"vc_single_image-wrapper   vc_box_border_grey\"><img decoding=\"async\" width=\"290\" height=\"375\" src=\"https:\/\/hartwoodparis.com\/wp-content\/uploads\/2020\/12\/3.jpg\" class=\"vc_single_image-img attachment-full\" alt=\"\" title=\"3\" srcset=\"https:\/\/hartwoodparis.com\/wp-content\/uploads\/2020\/12\/3.jpg 290w, https:\/\/hartwoodparis.com\/wp-content\/uploads\/2020\/12\/3-232x300.jpg 232w\" sizes=\"(max-width: 290px) 100vw, 290px\" \/><\/div>\n\t\t<\/figure>\n\t<\/div>\n<\/div><\/div><\/div><div class=\"wpb_column vc_column_container vc_col-sm-3\"><div class=\"vc_column-inner\"><div class=\"wpb_wrapper\"><div class=\"edgtf-section-title-holder\" >\n\t<div class=\"edgtf-st-inner\">\n\t\t\t\t\t<h6 class=\"edgtf-st-tagline\" >\n\t\t\t\tRue Marbeuf\t\t\t<\/h6>\n\t\t\t\t\t\t\t<h3 class=\"edgtf-st-title\" >\n\t\t\t\tJONATHAN\t\t\t<\/h3>\n\t\t\t\t\t\t\t<\/div>\n<\/div><div class=\"vc_empty_space\"   style=\"height: 20px\"><span class=\"vc_empty_space_inner\"><\/span><\/div>\n\t<div  class=\"wpb_single_image wpb_content_element vc_align_left wpb_content_element\">\n\t\t\n\t\t<figure class=\"wpb_wrapper vc_figure\">\n\t\t\t<div class=\"vc_single_image-wrapper   vc_box_border_grey\"><img loading=\"lazy\" decoding=\"async\" width=\"290\" height=\"375\" src=\"https:\/\/hartwoodparis.com\/wp-content\/uploads\/2020\/12\/2.jpg\" class=\"vc_single_image-img attachment-full\" alt=\"\" title=\"2\" srcset=\"https:\/\/hartwoodparis.com\/wp-content\/uploads\/2020\/12\/2.jpg 290w, https:\/\/hartwoodparis.com\/wp-content\/uploads\/2020\/12\/2-232x300.jpg 232w\" sizes=\"(max-width: 290px) 100vw, 290px\" \/><\/div>\n\t\t<\/figure>\n\t<\/div>\n<\/div><\/div><\/div><div class=\"wpb_column vc_column_container vc_col-sm-3\"><div class=\"vc_column-inner\"><div class=\"wpb_wrapper\"><div class=\"edgtf-section-title-holder\" >\n\t<div class=\"edgtf-st-inner\">\n\t\t\t\t\t<h6 class=\"edgtf-st-tagline\" >\n\t\t\t\tRue Marbeuf\t\t\t<\/h6>\n\t\t\t\t\t\t\t<h3 class=\"edgtf-st-title\" >\n\t\t\t\tCAROLE\t\t\t<\/h3>\n\t\t\t\t\t\t\t<\/div>\n<\/div><div class=\"vc_empty_space\"   style=\"height: 20px\"><span class=\"vc_empty_space_inner\"><\/span><\/div>\n\t<div  class=\"wpb_single_image wpb_content_element vc_align_left wpb_content_element\">\n\t\t\n\t\t<figure class=\"wpb_wrapper vc_figure\">\n\t\t\t<div class=\"vc_single_image-wrapper   vc_box_border_grey\"><img loading=\"lazy\" decoding=\"async\" width=\"290\" height=\"375\" src=\"https:\/\/hartwoodparis.com\/wp-content\/uploads\/2020\/12\/9.jpg\" class=\"vc_single_image-img attachment-full\" alt=\"\" title=\"9\" srcset=\"https:\/\/hartwoodparis.com\/wp-content\/uploads\/2020\/12\/9.jpg 290w, https:\/\/hartwoodparis.com\/wp-content\/uploads\/2020\/12\/9-232x300.jpg 232w\" sizes=\"(max-width: 290px) 100vw, 290px\" \/><\/div>\n\t\t<\/figure>\n\t<\/div>\n<\/div><\/div><\/div><div class=\"wpb_column vc_column_container vc_col-sm-3\"><div class=\"vc_column-inner\"><div class=\"wpb_wrapper\"><div class=\"edgtf-section-title-holder\" >\n\t<div class=\"edgtf-st-inner\">\n\t\t\t\t\t<h6 class=\"edgtf-st-tagline\" >\n\t\t\t\tRue Marbeuf\t\t\t<\/h6>\n\t\t\t\t\t\t\t<h3 class=\"edgtf-st-title\" >\n\t\t\t\tHUGUES\t\t\t<\/h3>\n\t\t\t\t\t\t\t<\/div>\n<\/div><div class=\"vc_empty_space\"   style=\"height: 20px\"><span class=\"vc_empty_space_inner\"><\/span><\/div>\n\t<div  class=\"wpb_single_image wpb_content_element vc_align_left wpb_content_element\">\n\t\t\n\t\t<figure class=\"wpb_wrapper vc_figure\">\n\t\t\t<div class=\"vc_single_image-wrapper   vc_box_border_grey\"><img loading=\"lazy\" decoding=\"async\" width=\"290\" height=\"375\" src=\"https:\/\/hartwoodparis.com\/wp-content\/uploads\/2020\/12\/7.jpg\" class=\"vc_single_image-img attachment-full\" alt=\"\" title=\"7\" srcset=\"https:\/\/hartwoodparis.com\/wp-content\/uploads\/2020\/12\/7.jpg 290w, https:\/\/hartwoodparis.com\/wp-content\/uploads\/2020\/12\/7-232x300.jpg 232w\" sizes=\"(max-width: 290px) 100vw, 290px\" \/><\/div>\n\t\t<\/figure>\n\t<\/div>\n<\/div><\/div><\/div><\/div><div class=\"vc_row wpb_row vc_row-fluid\" ><div class=\"wpb_column vc_column_container vc_col-sm-12\"><div class=\"vc_column-inner\"><div class=\"wpb_wrapper\"><div class=\"vc_empty_space\"   style=\"height: 50px\"><span class=\"vc_empty_space_inner\"><\/span><\/div><\/div><\/div><\/div><\/div><div class=\"vc_row wpb_row vc_row-fluid vc_custom_1609252098796 vc_row-o-content-middle vc_row-flex\" ><div class=\"wpb_column vc_column_container vc_col-sm-3\"><div class=\"vc_column-inner\"><div class=\"wpb_wrapper\"><div class=\"edgtf-section-title-holder\" >\n\t<div class=\"edgtf-st-inner\">\n\t\t\t\t\t<h6 class=\"edgtf-st-tagline\" >\n\t\t\t\tRue du Faubourg St Honor\u00e9\t\t\t<\/h6>\n\t\t\t\t\t\t\t<h3 class=\"edgtf-st-title\" >\n\t\t\t\tXAVIER\t\t\t<\/h3>\n\t\t\t\t\t\t\t<\/div>\n<\/div><div class=\"vc_empty_space\"   style=\"height: 20px\"><span class=\"vc_empty_space_inner\"><\/span><\/div>\n\t<div  class=\"wpb_single_image wpb_content_element vc_align_left wpb_content_element\">\n\t\t\n\t\t<figure class=\"wpb_wrapper vc_figure\">\n\t\t\t<div class=\"vc_single_image-wrapper   vc_box_border_grey\"><img loading=\"lazy\" decoding=\"async\" width=\"290\" height=\"375\" src=\"https:\/\/hartwoodparis.com\/wp-content\/uploads\/2020\/12\/6.jpg\" class=\"vc_single_image-img attachment-full\" alt=\"\" title=\"6\" srcset=\"https:\/\/hartwoodparis.com\/wp-content\/uploads\/2020\/12\/6.jpg 290w, https:\/\/hartwoodparis.com\/wp-content\/uploads\/2020\/12\/6-232x300.jpg 232w\" sizes=\"(max-width: 290px) 100vw, 290px\" \/><\/div>\n\t\t<\/figure>\n\t<\/div>\n<\/div><\/div><\/div><div class=\"wpb_column vc_column_container vc_col-sm-3\"><div class=\"vc_column-inner\"><div class=\"wpb_wrapper\"><div class=\"edgtf-section-title-holder\" >\n\t<div class=\"edgtf-st-inner\">\n\t\t\t\t\t<h6 class=\"edgtf-st-tagline\" >\n\t\t\t\tRue du Faubourg St Honor\u00e9\t\t\t<\/h6>\n\t\t\t\t\t\t\t<h3 class=\"edgtf-st-title\" >\n\t\t\t\tSEBASTIEN\t\t\t<\/h3>\n\t\t\t\t\t\t\t<\/div>\n<\/div><div class=\"vc_empty_space\"   style=\"height: 20px\"><span class=\"vc_empty_space_inner\"><\/span><\/div>\n\t<div  class=\"wpb_single_image wpb_content_element vc_align_left wpb_content_element\">\n\t\t\n\t\t<figure class=\"wpb_wrapper vc_figure\">\n\t\t\t<div class=\"vc_single_image-wrapper   vc_box_border_grey\"><img loading=\"lazy\" decoding=\"async\" width=\"290\" height=\"375\" src=\"https:\/\/hartwoodparis.com\/wp-content\/uploads\/2020\/12\/5.jpg\" class=\"vc_single_image-img attachment-full\" alt=\"\" title=\"5\" srcset=\"https:\/\/hartwoodparis.com\/wp-content\/uploads\/2020\/12\/5.jpg 290w, https:\/\/hartwoodparis.com\/wp-content\/uploads\/2020\/12\/5-232x300.jpg 232w\" sizes=\"(max-width: 290px) 100vw, 290px\" \/><\/div>\n\t\t<\/figure>\n\t<\/div>\n<\/div><\/div><\/div><\/div><div class=\"vc_row wpb_row vc_row-fluid\" ><div class=\"wpb_column vc_column_container vc_col-sm-12\"><div class=\"vc_column-inner\"><div class=\"wpb_wrapper\"><div class=\"vc_empty_space\"   style=\"height: 50px\"><span class=\"vc_empty_space_inner\"><\/span><\/div><div class=\"vc_separator wpb_content_element vc_separator_align_center vc_sep_width_80 vc_sep_pos_align_center vc_separator_no_text vc_sep_color_black wpb_content_element  wpb_content_element\" ><span class=\"vc_sep_holder vc_sep_holder_l\"><span class=\"vc_sep_line\"><\/span><\/span><span class=\"vc_sep_holder vc_sep_holder_r\"><span class=\"vc_sep_line\"><\/span><\/span>\n<\/div><div class=\"vc_empty_space\"   style=\"height: 50px\"><span class=\"vc_empty_space_inner\"><\/span><\/div><\/div><\/div><\/div><\/div><div class=\"vc_row wpb_row vc_row-fluid vc_custom_1609333877840\" ><\/div><div class=\"vc_row wpb_row vc_row-fluid vc_custom_1609252098796 vc_row-o-content-middle vc_row-flex\" ><div class=\"wpb_column vc_column_container vc_col-sm-3\"><div class=\"vc_column-inner\"><div class=\"wpb_wrapper\"><div class=\"vc-hoverbox-wrapper  boite-survol vc-hoverbox-shape--square vc-hoverbox-align--center vc-hoverbox-direction--default vc-hoverbox-width--100\"  ontouchstart=\"\">\n  <div class=\"vc-hoverbox\">\n    <div class=\"vc-hoverbox-inner\">\n      <div class=\"vc-hoverbox-block vc-hoverbox-front\" style=\"background-image: url(https:\/\/hartwoodparis.com\/wp-content\/uploads\/2020\/12\/esprit-1-1.jpg);\">\n        <div class=\"vc-hoverbox-block-inner vc-hoverbox-front-inner\">\n            <h2 style=\"text-align:center\">KNOW-HOW<\/h2>\n        <\/div>\n      <\/div>\n      <div class=\"vc-hoverbox-block vc-hoverbox-back\" style=\"background-color: #967844;\">\n        <div class=\"vc-hoverbox-block-inner vc-hoverbox-back-inner\">\n            <h2 style=\"text-align:center\">KNOW-HOW<\/h2>\n            <h5 class=\"font_0\">The fabrics are selected from the largest Italian manufacturers<\/h5>\n\n            \n        <\/div>\n      <\/div>\n    <\/div>\n  <\/div>\n<\/div><div class=\"vc_empty_space\"   style=\"height: 30px\"><span class=\"vc_empty_space_inner\"><\/span><\/div><\/div><\/div><\/div><div class=\"wpb_column vc_column_container vc_col-sm-3\"><div class=\"vc_column-inner\"><div class=\"wpb_wrapper\"><div class=\"vc-hoverbox-wrapper  boite-survol vc-hoverbox-shape--square vc-hoverbox-align--center vc-hoverbox-direction--default vc-hoverbox-width--100\"  ontouchstart=\"\">\n  <div class=\"vc-hoverbox\">\n    <div class=\"vc-hoverbox-inner\">\n      <div class=\"vc-hoverbox-block vc-hoverbox-front\" style=\"background-image: url(https:\/\/hartwoodparis.com\/wp-content\/uploads\/2020\/12\/esprit-2-1.jpg);\">\n        <div class=\"vc-hoverbox-block-inner vc-hoverbox-front-inner\">\n            <h2 style=\"text-align:center\">OUR SHOPS<\/h2>\n        <\/div>\n      <\/div>\n      <div class=\"vc-hoverbox-block vc-hoverbox-back\" style=\"background-color: #967844;\">\n        <div class=\"vc-hoverbox-block-inner vc-hoverbox-back-inner\">\n            <h2 style=\"text-align:center\">OUR SHOPS<\/h2>\n            <h5 class=\"font_0\">Our three brands are open from Monday to Saturday from 10 a.m. to 7:30 p.m.<\/h5>\n\n            \n        <\/div>\n      <\/div>\n    <\/div>\n  <\/div>\n<\/div><div class=\"vc_empty_space\"   style=\"height: 30px\"><span class=\"vc_empty_space_inner\"><\/span><\/div><\/div><\/div><\/div><div class=\"wpb_column vc_column_container vc_col-sm-3\"><div class=\"vc_column-inner\"><div class=\"wpb_wrapper\"><div class=\"vc-hoverbox-wrapper  boite-survol vc-hoverbox-shape--square vc-hoverbox-align--center vc-hoverbox-direction--default vc-hoverbox-width--100\"  ontouchstart=\"\">\n  <div class=\"vc-hoverbox\">\n    <div class=\"vc-hoverbox-inner\">\n      <div class=\"vc-hoverbox-block vc-hoverbox-front\" style=\"background-image: url(https:\/\/hartwoodparis.com\/wp-content\/uploads\/2020\/12\/esprit-3-1.jpg);\">\n        <div class=\"vc-hoverbox-block-inner vc-hoverbox-front-inner\">\n            <h2 style=\"text-align:center\">FAMILY SPIRIT<\/h2>\n        <\/div>\n      <\/div>\n      <div class=\"vc-hoverbox-block vc-hoverbox-back\" style=\"background-color: #967844;\">\n        <div class=\"vc-hoverbox-block-inner vc-hoverbox-back-inner\">\n            <h2 style=\"text-align:center\">FAMILY SPIRIT<\/h2>\n            <div id=\"WRchTxtl-9se\" class=\"txtNew\" data-packed=\"true\" data-vertical-text=\"false\">\n<p class=\"font_0\">Maison Hartwood has been handling the art of costume and tailoring since 1985<\/p>\n<\/div>\n\n            \n        <\/div>\n      <\/div>\n    <\/div>\n  <\/div>\n<\/div><div class=\"vc_empty_space\"   style=\"height: 30px\"><span class=\"vc_empty_space_inner\"><\/span><\/div><\/div><\/div><\/div><div class=\"wpb_column vc_column_container vc_col-sm-3\"><div class=\"vc_column-inner\"><div class=\"wpb_wrapper\"><div class=\"vc-hoverbox-wrapper  boite-survol vc-hoverbox-shape--square vc-hoverbox-align--center vc-hoverbox-direction--default vc-hoverbox-width--100\"  ontouchstart=\"\">\n  <div class=\"vc-hoverbox\">\n    <div class=\"vc-hoverbox-inner\">\n      <div class=\"vc-hoverbox-block vc-hoverbox-front\" style=\"background-image: url(https:\/\/hartwoodparis.com\/wp-content\/uploads\/2020\/12\/esprit-4-1.jpg);\">\n        <div class=\"vc-hoverbox-block-inner vc-hoverbox-front-inner\">\n            <h2 style=\"text-align:center\">CONTACT US<\/h2>\n        <\/div>\n      <\/div>\n      <div class=\"vc-hoverbox-block vc-hoverbox-back\" style=\"background-color: #967844;\">\n        <div class=\"vc-hoverbox-block-inner vc-hoverbox-back-inner\">\n            <h2 style=\"text-align:center\">CONTACT US<\/h2>\n            <div id=\"WRchTxtk-7xw\" class=\"txtNew\" data-packed=\"true\" data-vertical-text=\"false\">\n<p class=\"font_0\">The team is at your disposal, do not hesitate to ask your questions<\/p>\n<\/div>\n\n            \n        <\/div>\n      <\/div>\n    <\/div>\n  <\/div>\n<\/div><div class=\"vc_empty_space\"   style=\"height: 30px\"><span class=\"vc_empty_space_inner\"><\/span><\/div><\/div><\/div><\/div><\/div><div class=\"wpb_column vc_column_container vc_col-sm-3\"><div class=\"vc_column-inner\"><div class=\"wpb_wrapper\"><\/div><\/div><\/div><div class=\"wpb_column vc_column_container vc_col-sm-3\"><div class=\"vc_column-inner\"><div class=\"wpb_wrapper\"><\/div><\/div><\/div><div class=\"wpb_column vc_column_container vc_col-sm-3\"><div class=\"vc_column-inner\"><div class=\"wpb_wrapper\"><\/div><\/div><\/div><div class=\"wpb_column vc_column_container vc_col-sm-3\"><div class=\"vc_column-inner\"><div class=\"wpb_wrapper\"><\/div><\/div><\/div>\n<\/div>","protected":false},"excerpt":{"rendered":"Fondateur \/ Founder DOMINIQUE GUINDON Depuis 1985, entour\u00e9 d\u2019une \u00e9quipe de professionnels soud\u00e9e et fid\u00e8le \u00e0 ses valeurs, Dominique d\u00e9fend ses lignes, ses mati\u00e8res et le d\u00e9tails des ses finitions, inscrivant Hartwood dans une modernit\u00e9 intemporelle, digne des plus grandes [...]","protected":false},"author":1,"featured_media":0,"parent":0,"menu_order":0,"comment_status":"closed","ping_status":"closed","template":"full-width.php","meta":{"footnotes":""},"class_list":["post-4325","page","type-page","status-publish","hentry"],"_links":{"self":[{"href":"https:\/\/hartwoodparis.com\/en\/wp-json\/wp\/v2\/pages\/4325","targetHints":{"allow":["GET"]}}],"collection":[{"href":"https:\/\/hartwoodparis.com\/en\/wp-json\/wp\/v2\/pages"}],"about":[{"href":"https:\/\/hartwoodparis.com\/en\/wp-json\/wp\/v2\/types\/page"}],"author":[{"embeddable":true,"href":"https:\/\/hartwoodparis.com\/en\/wp-json\/wp\/v2\/users\/1"}],"replies":[{"embeddable":true,"href":"https:\/\/hartwoodparis.com\/en\/wp-json\/wp\/v2\/comments?post=4325"}],"version-history":[{"count":0,"href":"https:\/\/hartwoodparis.com\/en\/wp-json\/wp\/v2\/pages\/4325\/revisions"}],"wp:attachment":[{"href":"https:\/\/hartwoodparis.com\/en\/wp-json\/wp\/v2\/media?parent=4325"}],"curies":[{"name":"wp","href":"https:\/\/api.w.org\/{rel}","templated":true}]}}