{"id":4130,"date":"2020-12-29T16:38:55","date_gmt":"2020-12-29T16:38:55","guid":{"rendered":"https:\/\/hartwoodparis.com\/le-savoir-faire-hartwood\/"},"modified":"2025-11-21T14:17:22","modified_gmt":"2025-11-21T12:17:22","slug":"le-savoir-faire-hartwood","status":"publish","type":"page","link":"https:\/\/hartwoodparis.com\/en\/le-savoir-faire-hartwood\/","title":{"rendered":"Know-How"},"content":{"rendered":"<div class=\"wpb-content-wrapper\"><div class=\"edgtf-row-grid-section-wrapper\"  ><div class=\"edgtf-row-grid-section\"><div class=\"vc_row wpb_row vc_row-fluid\" ><div class=\"wpb_column vc_column_container vc_col-sm-12\"><div class=\"vc_column-inner\"><div class=\"wpb_wrapper\"><div class=\"edgtf-elements-holder   edgtf-two-columns  edgtf-responsive-mode-1024\" ><div class=\"edgtf-eh-item\"  data-item-class=\"edgtf-eh-custom-5822\">\n\t<div class=\"edgtf-eh-item-inner\">\n\t\t<div class=\"edgtf-eh-item-content edgtf-eh-custom-5822\" style=\"padding: 0 0 0 0\">\n\t\t\t<div class=\"edgtf-single-image-holder\">\n    <div class=\"edgtf-si-inner\" >\n                                    <img fetchpriority=\"high\" decoding=\"async\" width=\"558\" height=\"798\" src=\"https:\/\/hartwoodparis.com\/wp-content\/uploads\/2020\/12\/savoir-faire.jpg\" class=\"attachment-full size-full\" alt=\"\" srcset=\"https:\/\/hartwoodparis.com\/wp-content\/uploads\/2020\/12\/savoir-faire.jpg 558w, https:\/\/hartwoodparis.com\/wp-content\/uploads\/2020\/12\/savoir-faire-210x300.jpg 210w\" sizes=\"(max-width: 558px) 100vw, 558px\" \/>                        <\/div>\n<\/div>\t\t<\/div>\n\t<\/div>\n<\/div><div class=\"edgtf-eh-item\"  data-item-class=\"edgtf-eh-custom-9588\" data-1025-1366=\"0% 0% 0% 0%\" data-769-1024=\"0% 0% 0% 0%\" data-681-768=\"0% 0% 0% 0%\" data-680=\"0% 0% 0% 0%\">\n\t<div class=\"edgtf-eh-item-inner\">\n\t\t<div class=\"edgtf-eh-item-content edgtf-eh-custom-9588\" style=\"padding: 0% 0% 0% 0%\">\n\t\t\t<div class=\"vc_empty_space\"   style=\"height: 20px\"><span class=\"vc_empty_space_inner\"><\/span><\/div>\n\t<div class=\"wpb_text_column wpb_content_element\" >\n\t\t<div class=\"wpb_wrapper\">\n\t\t\t<p>Hartwood lends particular attention to the cut and fall of each garment. Very adept at keeping a contemporary sense of being with a close fitting silhouette, the brand is also skillful in adapting each style to the personal measurements of its clients.<\/p>\n<p>Hartwood\u2019s reputation for an haute couture approach in selecting suits, shirts and accessories reflects in their continued choice of exceptional fabrics. These fabrics are chosen for their distinct finesse and suppleness which can only be found in the world renowned manufacturing houses such as Loro Piana and Zegna.<\/p>\n<p>The jackets are interlined in a traditional manner and are available in four different shoulder constructions of which the most favored being the semi-supple.<\/p>\n<p>The buttonholes are all entirely hand stitched leaving open buttonholes on the sleeves. To better envision the beautiful tailoring, seams are finished with a handsewn topstitch.\n\nSpecialising in made to measure \u2013 with a delay of four weeks \u2013 each Hartwood boutique has an in house tailor to assure a professional and more efficient service.<br><br>\n\nHartwood is proud to have a team of passionate professionnals to help accompagny their clients in a choice of suits, shirts of accessories and guide them for any minor or major adjustment needed to make their experience at Hartwood a satisfying one.<\/p>\n\n\t\t<\/div>\n\t<\/div>\n\t\t<\/div>\n\t<\/div>\n<\/div><\/div><\/div><\/div><\/div><\/div><\/div><\/div><div class=\"vc_row wpb_row vc_row-fluid vc_custom_1609768254739\" ><div class=\"wpb_column vc_column_container vc_col-sm-12\"><div class=\"vc_column-inner\"><div class=\"wpb_wrapper\"><div class=\"edgtf-image-gallery  edgtf-ig-carousel-type edgtf-light-skin edgtf-three-columns edgtf-small-space\">\n\t<div class=\"edgtf-ig-slider edgtf-owl-slider\" data-number-of-items=\"3\" data-enable-loop=\"yes\" data-enable-autoplay=\"yes\" data-slider-speed=\"5000\" data-slider-speed-animation=\"600\" data-slider-padding=\"no\" data-enable-navigation=\"yes\" data-enable-pagination=\"no\">\n\t\t\t\t\t<div class=\"edgtf-ig-image\">\n\t\t\t\t\t\t\t\t\t<img decoding=\"async\" width=\"800\" height=\"800\" src=\"https:\/\/hartwoodparis.com\/wp-content\/uploads\/2021\/01\/esprit-famille-1.jpg\" class=\"attachment-full size-full\" alt=\"\" srcset=\"https:\/\/hartwoodparis.com\/wp-content\/uploads\/2021\/01\/esprit-famille-1.jpg 800w, https:\/\/hartwoodparis.com\/wp-content\/uploads\/2021\/01\/esprit-famille-1-300x300.jpg 300w, https:\/\/hartwoodparis.com\/wp-content\/uploads\/2021\/01\/esprit-famille-1-150x150.jpg 150w, https:\/\/hartwoodparis.com\/wp-content\/uploads\/2021\/01\/esprit-famille-1-768x768.jpg 768w, https:\/\/hartwoodparis.com\/wp-content\/uploads\/2021\/01\/esprit-famille-1-650x650.jpg 650w, https:\/\/hartwoodparis.com\/wp-content\/uploads\/2021\/01\/esprit-famille-1-600x600.jpg 600w, https:\/\/hartwoodparis.com\/wp-content\/uploads\/2021\/01\/esprit-famille-1-100x100.jpg 100w\" sizes=\"(max-width: 800px) 100vw, 800px\" \/>\t\t\t\t\t\t\t<\/div>\n\t\t\t\t\t<div class=\"edgtf-ig-image\">\n\t\t\t\t\t\t\t\t\t<img decoding=\"async\" width=\"800\" height=\"800\" src=\"https:\/\/hartwoodparis.com\/wp-content\/uploads\/2021\/01\/esprit-famille-2.jpg\" class=\"attachment-full size-full\" alt=\"\" srcset=\"https:\/\/hartwoodparis.com\/wp-content\/uploads\/2021\/01\/esprit-famille-2.jpg 800w, https:\/\/hartwoodparis.com\/wp-content\/uploads\/2021\/01\/esprit-famille-2-300x300.jpg 300w, https:\/\/hartwoodparis.com\/wp-content\/uploads\/2021\/01\/esprit-famille-2-150x150.jpg 150w, https:\/\/hartwoodparis.com\/wp-content\/uploads\/2021\/01\/esprit-famille-2-768x768.jpg 768w, https:\/\/hartwoodparis.com\/wp-content\/uploads\/2021\/01\/esprit-famille-2-650x650.jpg 650w, https:\/\/hartwoodparis.com\/wp-content\/uploads\/2021\/01\/esprit-famille-2-600x600.jpg 600w, https:\/\/hartwoodparis.com\/wp-content\/uploads\/2021\/01\/esprit-famille-2-100x100.jpg 100w\" sizes=\"(max-width: 800px) 100vw, 800px\" \/>\t\t\t\t\t\t\t<\/div>\n\t\t\t\t\t<div class=\"edgtf-ig-image\">\n\t\t\t\t\t\t\t\t\t<img loading=\"lazy\" decoding=\"async\" width=\"800\" height=\"800\" src=\"https:\/\/hartwoodparis.com\/wp-content\/uploads\/2021\/01\/esprit-famille-3.jpg\" class=\"attachment-full size-full\" alt=\"\" srcset=\"https:\/\/hartwoodparis.com\/wp-content\/uploads\/2021\/01\/esprit-famille-3.jpg 800w, https:\/\/hartwoodparis.com\/wp-content\/uploads\/2021\/01\/esprit-famille-3-300x300.jpg 300w, https:\/\/hartwoodparis.com\/wp-content\/uploads\/2021\/01\/esprit-famille-3-150x150.jpg 150w, https:\/\/hartwoodparis.com\/wp-content\/uploads\/2021\/01\/esprit-famille-3-768x768.jpg 768w, https:\/\/hartwoodparis.com\/wp-content\/uploads\/2021\/01\/esprit-famille-3-650x650.jpg 650w, https:\/\/hartwoodparis.com\/wp-content\/uploads\/2021\/01\/esprit-famille-3-600x600.jpg 600w, https:\/\/hartwoodparis.com\/wp-content\/uploads\/2021\/01\/esprit-famille-3-100x100.jpg 100w\" sizes=\"(max-width: 800px) 100vw, 800px\" \/>\t\t\t\t\t\t\t<\/div>\n\t\t\t\t\t<div class=\"edgtf-ig-image\">\n\t\t\t\t\t\t\t\t\t<img loading=\"lazy\" decoding=\"async\" width=\"800\" height=\"800\" src=\"https:\/\/hartwoodparis.com\/wp-content\/uploads\/2021\/01\/esprit-famille-4.jpg\" class=\"attachment-full size-full\" alt=\"\" srcset=\"https:\/\/hartwoodparis.com\/wp-content\/uploads\/2021\/01\/esprit-famille-4.jpg 800w, https:\/\/hartwoodparis.com\/wp-content\/uploads\/2021\/01\/esprit-famille-4-300x300.jpg 300w, https:\/\/hartwoodparis.com\/wp-content\/uploads\/2021\/01\/esprit-famille-4-150x150.jpg 150w, https:\/\/hartwoodparis.com\/wp-content\/uploads\/2021\/01\/esprit-famille-4-768x768.jpg 768w, https:\/\/hartwoodparis.com\/wp-content\/uploads\/2021\/01\/esprit-famille-4-650x650.jpg 650w, https:\/\/hartwoodparis.com\/wp-content\/uploads\/2021\/01\/esprit-famille-4-600x600.jpg 600w, https:\/\/hartwoodparis.com\/wp-content\/uploads\/2021\/01\/esprit-famille-4-100x100.jpg 100w\" sizes=\"(max-width: 800px) 100vw, 800px\" \/>\t\t\t\t\t\t\t<\/div>\n\t\t\t\t\t<div class=\"edgtf-ig-image\">\n\t\t\t\t\t\t\t\t\t<img loading=\"lazy\" decoding=\"async\" width=\"800\" height=\"800\" src=\"https:\/\/hartwoodparis.com\/wp-content\/uploads\/2021\/01\/esprit-famille-5.jpg\" class=\"attachment-full size-full\" alt=\"\" srcset=\"https:\/\/hartwoodparis.com\/wp-content\/uploads\/2021\/01\/esprit-famille-5.jpg 800w, https:\/\/hartwoodparis.com\/wp-content\/uploads\/2021\/01\/esprit-famille-5-300x300.jpg 300w, https:\/\/hartwoodparis.com\/wp-content\/uploads\/2021\/01\/esprit-famille-5-150x150.jpg 150w, https:\/\/hartwoodparis.com\/wp-content\/uploads\/2021\/01\/esprit-famille-5-768x768.jpg 768w, https:\/\/hartwoodparis.com\/wp-content\/uploads\/2021\/01\/esprit-famille-5-650x650.jpg 650w, https:\/\/hartwoodparis.com\/wp-content\/uploads\/2021\/01\/esprit-famille-5-600x600.jpg 600w, https:\/\/hartwoodparis.com\/wp-content\/uploads\/2021\/01\/esprit-famille-5-100x100.jpg 100w\" sizes=\"(max-width: 800px) 100vw, 800px\" \/>\t\t\t\t\t\t\t<\/div>\n\t\t\t<\/div>\n<\/div><\/div><\/div><\/div><\/div><section class=\"vc_section vc_custom_1609763283438\"><div class=\"vc_row wpb_row vc_row-fluid\" ><div class=\"wpb_column vc_column_container vc_col-sm-4\"><div class=\"vc_column-inner\"><div class=\"wpb_wrapper\">\n\t<div  class=\"wpb_single_image wpb_content_element vc_align_center wpb_content_element\">\n\t\t\n\t\t<figure class=\"wpb_wrapper vc_figure\">\n\t\t\t<div class=\"vc_single_image-wrapper   vc_box_border_grey\"><img loading=\"lazy\" decoding=\"async\" width=\"393\" height=\"313\" src=\"https:\/\/hartwoodparis.com\/wp-content\/uploads\/2020\/12\/boutique-1.jpg\" class=\"vc_single_image-img attachment-full\" alt=\"\" title=\"boutique-1\" srcset=\"https:\/\/hartwoodparis.com\/wp-content\/uploads\/2020\/12\/boutique-1.jpg 393w, https:\/\/hartwoodparis.com\/wp-content\/uploads\/2020\/12\/boutique-1-300x239.jpg 300w\" sizes=\"(max-width: 393px) 100vw, 393px\" \/><\/div>\n\t\t<\/figure>\n\t<\/div>\n<div class=\"vc_empty_space\"   style=\"height: 20px\"><span class=\"vc_empty_space_inner\"><\/span><\/div>\n\t<div class=\"wpb_text_column wpb_content_element\" >\n\t\t<div class=\"wpb_wrapper\">\n\t\t\t<p class=\"font_0\" style=\"text-align: center;\">40, rue du Bac, 75007 Paris<\/p>\n<p class=\"font_0\" style=\"text-align: center;\">T\u00e9l\u00e9phone : +33 (0)1 45 48 81 21<\/p>\n<div class=\"wpb_column vc_column_container vc_col-sm-4\">\n<div class=\"vc_column-inner\">\n<div class=\"wpb_wrapper\" style=\"text-align: center;\"><\/div>\n<\/div>\n<\/div>\n\n\t\t<\/div>\n\t<\/div>\n<div class=\"vc_empty_space\"   style=\"height: 32px\"><span class=\"vc_empty_space_inner\"><\/span><\/div><\/div><\/div><\/div><div class=\"wpb_column vc_column_container vc_col-sm-4\"><div class=\"vc_column-inner\"><div class=\"wpb_wrapper\">\n\t<div  class=\"wpb_single_image wpb_content_element vc_align_center wpb_content_element\">\n\t\t\n\t\t<figure class=\"wpb_wrapper vc_figure\">\n\t\t\t<div class=\"vc_single_image-wrapper   vc_box_border_grey\"><img loading=\"lazy\" decoding=\"async\" width=\"2560\" height=\"1694\" src=\"https:\/\/hartwoodparis.com\/wp-content\/uploads\/2025\/11\/IMG_2602-scaled.jpg\" class=\"vc_single_image-img attachment-full\" alt=\"\" title=\"IMG_2602\" srcset=\"https:\/\/hartwoodparis.com\/wp-content\/uploads\/2025\/11\/IMG_2602-scaled.jpg 2560w, https:\/\/hartwoodparis.com\/wp-content\/uploads\/2025\/11\/IMG_2602-300x198.jpg 300w, https:\/\/hartwoodparis.com\/wp-content\/uploads\/2025\/11\/IMG_2602-1024x677.jpg 1024w, https:\/\/hartwoodparis.com\/wp-content\/uploads\/2025\/11\/IMG_2602-768x508.jpg 768w, https:\/\/hartwoodparis.com\/wp-content\/uploads\/2025\/11\/IMG_2602-1536x1016.jpg 1536w, https:\/\/hartwoodparis.com\/wp-content\/uploads\/2025\/11\/IMG_2602-18x12.jpg 18w, https:\/\/hartwoodparis.com\/wp-content\/uploads\/2025\/11\/IMG_2602-600x397.jpg 600w\" sizes=\"(max-width: 2560px) 100vw, 2560px\" \/><\/div>\n\t\t<\/figure>\n\t<\/div>\n<div class=\"vc_empty_space\"   style=\"height: 20px\"><span class=\"vc_empty_space_inner\"><\/span><\/div>\n\t<div class=\"wpb_text_column wpb_content_element\" >\n\t\t<div class=\"wpb_wrapper\">\n\t\t\t<p class=\"font_0\" style=\"text-align: center;\">6, rue Marbeuf, 75008 Paris<\/p>\n<p class=\"font_0\" style=\"text-align: center;\">T\u00e9l\u00e9phone : + 33 (0)1 56 89 00 61<\/p>\n\n\t\t<\/div>\n\t<\/div>\n<div class=\"vc_empty_space\"   style=\"height: 32px\"><span class=\"vc_empty_space_inner\"><\/span><\/div><\/div><\/div><\/div><div class=\"wpb_column vc_column_container vc_col-sm-4\"><div class=\"vc_column-inner\"><div class=\"wpb_wrapper\">\n\t<div  class=\"wpb_single_image wpb_content_element vc_align_center wpb_content_element\">\n\t\t\n\t\t<figure class=\"wpb_wrapper vc_figure\">\n\t\t\t<div class=\"vc_single_image-wrapper   vc_box_border_grey\"><img loading=\"lazy\" decoding=\"async\" width=\"393\" height=\"313\" src=\"https:\/\/hartwoodparis.com\/wp-content\/uploads\/2020\/12\/boutique-3.jpg\" class=\"vc_single_image-img attachment-full\" alt=\"\" title=\"boutique-3\" srcset=\"https:\/\/hartwoodparis.com\/wp-content\/uploads\/2020\/12\/boutique-3.jpg 393w, https:\/\/hartwoodparis.com\/wp-content\/uploads\/2020\/12\/boutique-3-300x239.jpg 300w\" sizes=\"(max-width: 393px) 100vw, 393px\" \/><\/div>\n\t\t<\/figure>\n\t<\/div>\n<div class=\"vc_empty_space\"   style=\"height: 20px\"><span class=\"vc_empty_space_inner\"><\/span><\/div>\n\t<div class=\"wpb_text_column wpb_content_element\" >\n\t\t<div class=\"wpb_wrapper\">\n\t\t\t<p class=\"font_0\" style=\"text-align: center;\">123, rue du Faubourg St Honor\u00e9, 75008 Paris<\/p>\n<p class=\"font_0\" style=\"text-align: center;\">T\u00e9l\u00e9phone : + 33 (0)1 43 59 23 29<\/p>\n\n\t\t<\/div>\n\t<\/div>\n<div class=\"vc_empty_space\"   style=\"height: 32px\"><span class=\"vc_empty_space_inner\"><\/span><\/div><\/div><\/div><\/div><\/div><\/section><section class=\"vc_section\"><div class=\"vc_row wpb_row vc_row-fluid vc_custom_1609754317954\" ><div class=\"wpb_column vc_column_container vc_col-sm-12\"><div class=\"vc_column-inner\"><div class=\"wpb_wrapper\"><\/div><\/div><\/div><\/div><\/section>\n<\/div>","protected":false},"excerpt":{"rendered":"Hartwood porte une attention particuli\u00e8re au tomb\u00e9 du v\u00eatement et \u00e0 sa ligne. Adepte d\u2019une silhouette actuelle, pr\u00e8s du corps, Hartwood adapte ses mod\u00e8les \u00e0 la mesure de ses clients. La facture haut de gamme de ses costumes, chemises et [...]","protected":false},"author":1,"featured_media":0,"parent":0,"menu_order":0,"comment_status":"closed","ping_status":"closed","template":"full-width.php","meta":{"footnotes":""},"class_list":["post-4130","page","type-page","status-publish","hentry"],"_links":{"self":[{"href":"https:\/\/hartwoodparis.com\/en\/wp-json\/wp\/v2\/pages\/4130","targetHints":{"allow":["GET"]}}],"collection":[{"href":"https:\/\/hartwoodparis.com\/en\/wp-json\/wp\/v2\/pages"}],"about":[{"href":"https:\/\/hartwoodparis.com\/en\/wp-json\/wp\/v2\/types\/page"}],"author":[{"embeddable":true,"href":"https:\/\/hartwoodparis.com\/en\/wp-json\/wp\/v2\/users\/1"}],"replies":[{"embeddable":true,"href":"https:\/\/hartwoodparis.com\/en\/wp-json\/wp\/v2\/comments?post=4130"}],"version-history":[{"count":0,"href":"https:\/\/hartwoodparis.com\/en\/wp-json\/wp\/v2\/pages\/4130\/revisions"}],"wp:attachment":[{"href":"https:\/\/hartwoodparis.com\/en\/wp-json\/wp\/v2\/media?parent=4130"}],"curies":[{"name":"wp","href":"https:\/\/api.w.org\/{rel}","templated":true}]}}