{"id":17,"date":"2019-04-15T10:38:12","date_gmt":"2019-04-15T10:38:12","guid":{"rendered":"https:\/\/lacomete.edge-themes.com\/?page_id=17"},"modified":"2025-11-27T16:14:01","modified_gmt":"2025-11-27T14:14:01","slug":"home-1","status":"publish","type":"page","link":"https:\/\/hartwoodparis.com\/en\/","title":{"rendered":"Home"},"content":{"rendered":"<div class=\"wpb-content-wrapper\"><div class=\"edgtf-row-grid-section-wrapper \"  ><div class=\"edgtf-row-grid-section\"><div class=\"vc_row wpb_row vc_row-fluid\" ><div class=\"wpb_column vc_column_container vc_col-sm-12\"><div class=\"vc_column-inner\"><div class=\"wpb_wrapper\">\n\t<div class=\"wpb_text_column wpb_content_element\" >\n\t\t<div class=\"wpb_wrapper\">\n\t\t\t<p>\n\t\t\t<!-- START Main Home REVOLUTION SLIDER 6.2.23 --><p class=\"rs-p-wp-fix\"><\/p>\n\t\t\t<rs-module-wrap id=\"rev_slider_1_1_wrapper\" data-source=\"gallery\" style=\"background:transparent;padding:0;\">\n\t\t\t\t<rs-module id=\"rev_slider_1_1\" style=\"\" data-version=\"6.2.23\">\n\t\t\t\t\t<rs-slides>\n\t\t\t\t\t\t<rs-slide data-key=\"rs-1\" data-title=\"Slide\" data-anim=\"ei:d;eo:d;s:d;r:0;t:fade;sl:d;\">\n\t\t\t\t\t\t\t<img fetchpriority=\"high\" decoding=\"async\" src=\"\/\/hartwoodparis.com\/wp-content\/uploads\/2020\/12\/slider-1.jpg\" title=\"slider-1\" width=\"1225\" height=\"813\" class=\"rev-slidebg\" data-no-retina>\n<!--\n\t\t\t\t\t\t\t--><rs-layer\n\t\t\t\t\t\t\t\tid=\"slider-1-slide-1-layer-1\" \n\t\t\t\t\t\t\t\tdata-type=\"image\"\n\t\t\t\t\t\t\t\tdata-rsp_ch=\"on\"\n\t\t\t\t\t\t\t\tdata-xy=\"x:c;yo:50px,34px,34px,34px;\"\n\t\t\t\t\t\t\t\tdata-text=\"l:22;a:inherit;\"\n\t\t\t\t\t\t\t\tdata-dim=\"w:374px,172px,172px,172px;h:182px,22px,22px,22px;\"\n\t\t\t\t\t\t\t\tdata-vbility=\"t,t,f,f\"\n\t\t\t\t\t\t\t\tdata-basealign=\"slide\"\n\t\t\t\t\t\t\t\tdata-frame_0=\"y:-50px;\"\n\t\t\t\t\t\t\t\tdata-frame_1=\"e:power2.out;sp:700;\"\n\t\t\t\t\t\t\t\tdata-frame_999=\"o:0;st:w;sR:8300;\"\n\t\t\t\t\t\t\t\tstyle=\"z-index:5;\"\n\t\t\t\t\t\t\t><img decoding=\"async\" src=\"\/\/hartwoodparis.com\/wp-content\/uploads\/2021\/04\/hartwood-logo.jpg\" width=\"374\" height=\"182\" data-no-retina> \n\t\t\t\t\t\t\t<\/rs-layer><!--\n\n\t\t\t\t\t\t\t--><rs-layer\n\t\t\t\t\t\t\t\tid=\"slider-1-slide-1-layer-2\" \n\t\t\t\t\t\t\t\tdata-type=\"text\"\n\t\t\t\t\t\t\t\tdata-xy=\"x:c;y:m;yo:10px,-4px,-10px,30px;\"\n\t\t\t\t\t\t\t\tdata-text=\"w:normal;s:90,90,70,50;l:90,80,70,63;a:center;\"\n\t\t\t\t\t\t\t\tdata-dim=\"w:1000px,1116px,712px,310px;\"\n\t\t\t\t\t\t\t\tdata-basealign=\"slide\"\n\t\t\t\t\t\t\t\tdata-rsp_o=\"off\"\n\t\t\t\t\t\t\t\tdata-rsp_bd=\"off\"\n\t\t\t\t\t\t\t\tdata-frame_1=\"sp:700;\"\n\t\t\t\t\t\t\t\tdata-frame_999=\"o:0;st:w;sR:8300;\"\n\t\t\t\t\t\t\t\tstyle=\"z-index:6;font-family:EB Garamond;\"\n\t\t\t\t\t\t\t>Les modes passent , L'\u00e9l\u00e9gance est \u00e9ternelle \n\t\t\t\t\t\t\t<\/rs-layer><!--\n\n\t\t\t\t\t\t\t--><rs-layer\n\t\t\t\t\t\t\t\tid=\"slider-1-slide-1-layer-3\" \n\t\t\t\t\t\t\t\tclass=\"edgtf-rev-scroll-down\"\n\t\t\t\t\t\t\t\tdata-type=\"text\"\n\t\t\t\t\t\t\t\tdata-rsp_ch=\"on\"\n\t\t\t\t\t\t\t\tdata-xy=\"x:c;y:b;yo:130px;\"\n\t\t\t\t\t\t\t\tdata-text=\"s:11;l:22;ls:3px;fw:500;a:inherit;\"\n\t\t\t\t\t\t\t\tdata-actions='o:click;a:scrollbelow;offset:0;sp:1000;e:power4.inOut;'\n\t\t\t\t\t\t\t\tdata-frame_999=\"o:0;st:w;sR:8700;\"\n\t\t\t\t\t\t\t\tdata-loop_999=\"sp:3000;e:power1.inOut;yym:t;yys:t;yyf:t;\"\n\t\t\t\t\t\t\t\tstyle=\"z-index:7;font-family:Montserrat;text-transform:uppercase;\"\n\t\t\t\t\t\t\t>d\u00e9filer vers le bas\n \n\t\t\t\t\t\t\t<\/rs-layer><!--\n-->\t\t\t\t\t\t<\/rs-slide>\n\t\t\t\t\t<\/rs-slides>\n\t\t\t\t<\/rs-module>\n\t\t\t\t<script type=\"text\/javascript\">\n\t\t\t\t\tsetREVStartSize({c: 'rev_slider_1_1',rl:[1240,1024,778,480],el:[868,768,960,720],gw:[1300,1100,600,300],gh:[868,768,960,720],type:'standard',justify:'',layout:'fullscreen',offsetContainer:'',offset:'',mh:\"0\"});\n\t\t\t\t\tvar\trevapi1,\n\t\t\t\t\t\ttpj;\n\t\t\t\t\tfunction revinit_revslider11() {\n\t\t\t\t\tjQuery(function() {\n\t\t\t\t\t\ttpj = jQuery;\n\t\t\t\t\t\trevapi1 = tpj(\"#rev_slider_1_1\");\n\t\t\t\t\t\tif(revapi1==undefined || revapi1.revolution == undefined){\n\t\t\t\t\t\t\trevslider_showDoubleJqueryError(\"rev_slider_1_1\");\n\t\t\t\t\t\t}else{\n\t\t\t\t\t\t\trevapi1.revolution({\n\t\t\t\t\t\t\t\tsliderLayout:\"fullscreen\",\n\t\t\t\t\t\t\t\tvisibilityLevels:\"1240,1024,778,480\",\n\t\t\t\t\t\t\t\tgridwidth:\"1300,1100,600,300\",\n\t\t\t\t\t\t\t\tgridheight:\"868,768,960,720\",\n\t\t\t\t\t\t\t\tperspective:600,\n\t\t\t\t\t\t\t\tperspectiveType:\"local\",\n\t\t\t\t\t\t\t\teditorheight:\"868,768,960,720\",\n\t\t\t\t\t\t\t\tresponsiveLevels:\"1240,1024,778,480\",\n\t\t\t\t\t\t\t\tprogressBar:{disableProgressBar:true},\n\t\t\t\t\t\t\t\tnavigation: {\n\t\t\t\t\t\t\t\t\tonHoverStop:false\n\t\t\t\t\t\t\t\t},\n\t\t\t\t\t\t\t\tfallbacks: {\n\t\t\t\t\t\t\t\t\tallowHTML5AutoPlayOnAndroid:true\n\t\t\t\t\t\t\t\t},\n\t\t\t\t\t\t\t});\n\t\t\t\t\t\t}\n\t\t\t\t\t\t\n\t\t\t\t\t});\n\t\t\t\t\t} \/\/ End of RevInitScript\n\t\t\t\tvar once_revslider11 = false;\n\t\t\t\tif (document.readyState === \"loading\") {document.addEventListener('readystatechange',function() { if((document.readyState === \"interactive\" || document.readyState === \"complete\") && !once_revslider11 ) { once_revslider11 = true; revinit_revslider11();}});} else {once_revslider11 = true; revinit_revslider11();}\n\t\t\t\t<\/script>\n\t\t\t\t<script>\n\t\t\t\t\tvar htmlDivCss = unescape(\".edgtf-rev-scroll-down%20%7B%0A%09cursor%3A%20pointer%3B%0A%7D\");\n\t\t\t\t\tvar htmlDiv = document.getElementById('rs-plugin-settings-inline-css');\n\t\t\t\t\tif(htmlDiv) {\n\t\t\t\t\t\thtmlDiv.innerHTML = htmlDiv.innerHTML + htmlDivCss;\n\t\t\t\t\t}else{\n\t\t\t\t\t\tvar htmlDiv = document.createElement('div');\n\t\t\t\t\t\thtmlDiv.innerHTML = '<style>' + htmlDivCss + '<\/style>';\n\t\t\t\t\t\tdocument.getElementsByTagName('head')[0].appendChild(htmlDiv.childNodes[0]);\n\t\t\t\t\t}\n\t\t\t\t<\/script>\n\t\t\t<\/rs-module-wrap>\n\t\t\t<!-- END REVOLUTION SLIDER -->\n<div class=\"vc_empty_space\"   style=\"height: 50px\"><span class=\"vc_empty_space_inner\"><\/span><\/div><div class=\"edgtf-elements-holder marge-mobile  edgtf-two-columns  edgtf-responsive-mode-1024 \" ><div class=\"edgtf-eh-item    \"  data-item-class=\"edgtf-eh-custom-7270\" data-769-1024=\"136px 50px 0px 0px\" data-681-768=\"136px 50px 0px 0px\" data-680=\"136px 0px 0px 0px\">\n\t<div class=\"edgtf-eh-item-inner\">\n\t\t<div class=\"edgtf-eh-item-content edgtf-eh-custom-7270\" style=\"padding: 0px 50px 2px 0px\">\n\t\t\t<div class=\"edgtf-single-image-holder   \">\n    <div class=\"edgtf-si-inner\" >\n                                    <img decoding=\"async\" width=\"1440\" height=\"1800\" src=\"https:\/\/hartwoodparis.com\/wp-content\/uploads\/2025\/11\/carole.jpg\" class=\"attachment-full size-full\" alt=\"\" srcset=\"https:\/\/hartwoodparis.com\/wp-content\/uploads\/2025\/11\/carole.jpg 1440w, https:\/\/hartwoodparis.com\/wp-content\/uploads\/2025\/11\/carole-240x300.jpg 240w, https:\/\/hartwoodparis.com\/wp-content\/uploads\/2025\/11\/carole-819x1024.jpg 819w, https:\/\/hartwoodparis.com\/wp-content\/uploads\/2025\/11\/carole-768x960.jpg 768w, https:\/\/hartwoodparis.com\/wp-content\/uploads\/2025\/11\/carole-1229x1536.jpg 1229w, https:\/\/hartwoodparis.com\/wp-content\/uploads\/2025\/11\/carole-10x12.jpg 10w, https:\/\/hartwoodparis.com\/wp-content\/uploads\/2025\/11\/carole-600x750.jpg 600w\" sizes=\"(max-width: 1440px) 100vw, 1440px\" \/>                        <\/div>\n<\/div><div class=\"vc_empty_space\"   style=\"height: 32px\"><span class=\"vc_empty_space_inner\"><\/span><\/div><div class=\"edgtf-section-title-holder  \" >\n\t<div class=\"edgtf-st-inner\">\n\t\t\t\t\t<h6 class=\"edgtf-st-tagline\" >\n\t\t\t\tAUTOMNE 2025\t\t\t<\/h6>\n\t\t\t\t\t\t\t<h1 class=\"edgtf-st-title\" >\n\t\t\t\tCollection <span class=\"edgtf-st-italic\">Femme<\/span>\t\t\t<\/h1>\n\t\t\t\t\t\t\t\t\t<div class=\"edgtf-st-button\"><a itemprop=\"url\" href=\"https:\/\/hartwoodparis.com\/product-category\/woman\/\" target=\"_self\" style=\"margin: 47px 0 0\" class=\"edgtf-btn edgtf-btn-medium edgtf-btn-outline\"  >    <span class=\"edgtf-btn-text\">ACCEDER A LA COLLECTION FEMME<\/span>    <\/a><\/div>\n\t\t\t<\/div>\n<\/div>\t\t<\/div>\n\t<\/div>\n<\/div><div class=\"edgtf-eh-item    \"  data-item-class=\"edgtf-eh-custom-4842\" data-769-1024=\"136px 50px 0px 0px\" data-681-768=\"136px 50px 0px 0px\" data-680=\"136px 0px 0px 0px\">\n\t<div class=\"edgtf-eh-item-inner\">\n\t\t<div class=\"edgtf-eh-item-content edgtf-eh-custom-4842\" style=\"padding: 0px 50px 2px 0px\">\n\t\t\t<div class=\"edgtf-single-image-holder   \">\n    <div class=\"edgtf-si-inner\" >\n                                    <img loading=\"lazy\" decoding=\"async\" width=\"600\" height=\"722\" src=\"https:\/\/hartwoodparis.com\/wp-content\/uploads\/2020\/12\/rubrique-homme-2.jpg\" class=\"attachment-full size-full\" alt=\"\" srcset=\"https:\/\/hartwoodparis.com\/wp-content\/uploads\/2020\/12\/rubrique-homme-2.jpg 600w, https:\/\/hartwoodparis.com\/wp-content\/uploads\/2020\/12\/rubrique-homme-2-249x300.jpg 249w\" sizes=\"(max-width: 600px) 100vw, 600px\" \/>                        <\/div>\n<\/div><div class=\"vc_empty_space\"   style=\"height: 32px\"><span class=\"vc_empty_space_inner\"><\/span><\/div><div class=\"edgtf-section-title-holder  \" >\n\t<div class=\"edgtf-st-inner\">\n\t\t\t\t\t<h6 class=\"edgtf-st-tagline\" >\n\t\t\t\tAUTOMNE 2025 \t\t\t<\/h6>\n\t\t\t\t\t\t\t<h1 class=\"edgtf-st-title\" >\n\t\t\t\tCollection <span class=\"edgtf-st-italic\">Homme<\/span>\t\t\t<\/h1>\n\t\t\t\t\t\t\t\t\t<div class=\"edgtf-st-button\"><a itemprop=\"url\" href=\"https:\/\/hartwoodparis.com\/product-category\/homme\/\" target=\"_self\" style=\"margin: 47px 0 0\" class=\"edgtf-btn edgtf-btn-medium edgtf-btn-outline\"  >    <span class=\"edgtf-btn-text\">ACCEDER A LA COLLECTION HOMME<\/span>    <\/a><\/div>\n\t\t\t<\/div>\n<\/div>\t\t<\/div>\n\t<\/div>\n<\/div><\/div>\n\n\t\t<\/div>\n\t<\/div>\n<\/div><\/div><\/div><\/div><\/div><\/div><div class=\"edgtf-row-grid-section-wrapper \"  ><div class=\"edgtf-row-grid-section\"><div class=\"vc_row wpb_row vc_row-fluid\" ><div class=\"wpb_column vc_column_container vc_col-sm-12\"><div class=\"vc_column-inner\"><div class=\"wpb_wrapper\"><div class=\"vc_empty_space\"   style=\"height: 60px\"><span class=\"vc_empty_space_inner\"><\/span><\/div><div class=\"edgtf-elements-holder   edgtf-two-columns  edgtf-responsive-mode-1024 \" ><div class=\"edgtf-eh-item    \"  data-item-class=\"edgtf-eh-custom-2905\" data-1367-1600=\"0% 9% 0% 0%\" data-1025-1366=\"0px 84px 0px 0px\" data-769-1024=\"0px 0px\" data-681-768=\"0px 0px\" data-680=\"0px 0px\">\n\t<div class=\"edgtf-eh-item-inner\">\n\t\t<div class=\"edgtf-eh-item-content edgtf-eh-custom-2905\" style=\"padding: 0px 97px 0px 0px\">\n\t\t\t<div class=\"edgtf-single-image-holder   \">\n    <div class=\"edgtf-si-inner\" >\n                                    <img loading=\"lazy\" decoding=\"async\" width=\"600\" height=\"750\" src=\"https:\/\/hartwoodparis.com\/wp-content\/uploads\/2021\/01\/accessoire-femme-1-rotated.jpg\" class=\"attachment-full size-full\" alt=\"\" srcset=\"https:\/\/hartwoodparis.com\/wp-content\/uploads\/2021\/01\/accessoire-femme-1-rotated.jpg 600w, https:\/\/hartwoodparis.com\/wp-content\/uploads\/2021\/01\/accessoire-femme-1-240x300.jpg 240w\" sizes=\"(max-width: 600px) 100vw, 600px\" \/>                        <\/div>\n<\/div>\t\t<\/div>\n\t<\/div>\n<\/div><div class=\"edgtf-eh-item    \"  data-item-class=\"edgtf-eh-custom-1933\" data-1367-1600=\"0% 3% 0% 9%\" data-1025-1366=\"0% 0% 0 15%\" data-769-1024=\"8.7% 50px 0px 0px\" data-681-768=\"10.9% 50px 0px 0px\" data-680=\"21.7% 0% 0px 0px\">\n\t<div class=\"edgtf-eh-item-inner\">\n\t\t<div class=\"edgtf-eh-item-content edgtf-eh-custom-1933\" style=\"padding: 0% 0% 2px 15%\">\n\t\t\t<div class=\"edgtf-section-title-holder  \" >\n\t<div class=\"edgtf-st-inner\">\n\t\t\t\t\t<h6 class=\"edgtf-st-tagline\" >\n\t\t\t\tAUTOMNE 2025\t\t\t<\/h6>\n\t\t\t\t\t\t\t<h1 class=\"edgtf-st-title\" >\n\t\t\t\tAccessoire <span class=\"edgtf-st-italic\">Femme<\/span>\t\t\t<\/h1>\n\t\t\t\t\t\t\t\t\t<div class=\"edgtf-st-button\"><a itemprop=\"url\" href=\"https:\/\/hartwoodparis.com\/product-category\/accessoires-femme\/\" target=\"_self\" style=\"margin: 47px 0 0\" class=\"edgtf-btn edgtf-btn-medium edgtf-btn-outline\"  >    <span class=\"edgtf-btn-text\">VOIR LES ACCESSOIRES<\/span>    <\/a><\/div>\n\t\t\t<\/div>\n<\/div>\t\t<\/div>\n\t<\/div>\n<\/div><\/div><\/div><\/div><\/div><\/div><\/div><\/div><div class=\"edgtf-row-grid-section-wrapper \"  ><div class=\"edgtf-row-grid-section\"><div class=\"vc_row wpb_row vc_row-fluid\" ><div class=\"wpb_column vc_column_container vc_col-sm-12\"><div class=\"vc_column-inner\"><div class=\"wpb_wrapper\"><div class=\"vc_empty_space\"   style=\"height: 60px\"><span class=\"vc_empty_space_inner\"><\/span><\/div><div class=\"edgtf-elements-holder   edgtf-two-columns  edgtf-responsive-mode-1024 \" ><div class=\"edgtf-eh-item    \"  data-item-class=\"edgtf-eh-custom-1612\" data-1367-1600=\"0% 9% 0% 0%\" data-1025-1366=\"0px 84px 0px 0px\" data-769-1024=\"0px 0px\" data-681-768=\"0px 0px\" data-680=\"0px 0px\">\n\t<div class=\"edgtf-eh-item-inner\">\n\t\t<div class=\"edgtf-eh-item-content edgtf-eh-custom-1612\" style=\"padding: 0px 97px 0px 0px\">\n\t\t\t<div class=\"edgtf-section-title-holder  \" >\n\t<div class=\"edgtf-st-inner\">\n\t\t\t\t\t<h6 class=\"edgtf-st-tagline\" >\n\t\t\t\tAUTOMNE 2025\t\t\t<\/h6>\n\t\t\t\t\t\t\t<h1 class=\"edgtf-st-title\" >\n\t\t\t\tAccessoire <span class=\"edgtf-st-italic\">Homme<\/span>\t\t\t<\/h1>\n\t\t\t\t\t\t\t\t\t<div class=\"edgtf-st-button\"><a itemprop=\"url\" href=\"https:\/\/hartwoodparis.com\/product-category\/accessoires-homme\/\" target=\"_self\" style=\"margin: 47px 0 0\" class=\"edgtf-btn edgtf-btn-medium edgtf-btn-outline\"  >    <span class=\"edgtf-btn-text\">VOIR LES ACCESSOIRES<\/span>    <\/a><\/div>\n\t\t\t<\/div>\n<\/div>\t\t<\/div>\n\t<\/div>\n<\/div><div class=\"edgtf-eh-item    \"  data-item-class=\"edgtf-eh-custom-4258\" data-1367-1600=\"0% 3% 0% 9%\" data-1025-1366=\"0% 0% 0 15%\" data-769-1024=\"8.7% 50px 0px 0px\" data-681-768=\"10.9% 50px 0px 0px\" data-680=\"21.7% 0% 0px 0px\">\n\t<div class=\"edgtf-eh-item-inner\">\n\t\t<div class=\"edgtf-eh-item-content edgtf-eh-custom-4258\" style=\"padding: 0% 0% 2px 15%\">\n\t\t\t<div class=\"edgtf-single-image-holder   \">\n    <div class=\"edgtf-si-inner\" >\n                                    <img loading=\"lazy\" decoding=\"async\" width=\"600\" height=\"750\" src=\"https:\/\/hartwoodparis.com\/wp-content\/uploads\/2021\/01\/accessoire-homme.jpg\" class=\"attachment-full size-full\" alt=\"\" srcset=\"https:\/\/hartwoodparis.com\/wp-content\/uploads\/2021\/01\/accessoire-homme.jpg 600w, https:\/\/hartwoodparis.com\/wp-content\/uploads\/2021\/01\/accessoire-homme-240x300.jpg 240w\" sizes=\"(max-width: 600px) 100vw, 600px\" \/>                        <\/div>\n<\/div>\t\t<\/div>\n\t<\/div>\n<\/div><\/div><\/div><\/div><\/div><\/div><\/div><\/div><div class=\"edgtf-row-grid-section-wrapper \"  ><div class=\"edgtf-row-grid-section\"><div class=\"vc_row wpb_row vc_row-fluid\" ><div class=\"wpb_column vc_column_container vc_col-sm-12\"><div class=\"vc_column-inner\"><div class=\"wpb_wrapper\"><div class=\"vc_empty_space\"   style=\"height: 50px\"><span class=\"vc_empty_space_inner\"><\/span><\/div><div class=\"edgtf-elements-holder   edgtf-two-columns  edgtf-responsive-mode-1024 \" ><div class=\"edgtf-eh-item    \"  data-item-class=\"edgtf-eh-custom-4174\" data-1367-1600=\"0% 9% 0% 0%\" data-1025-1366=\"0px 84px 0px 0px\" data-769-1024=\"0px 0px\" data-681-768=\"0px 0px\" data-680=\"0px 0px\">\n\t<div class=\"edgtf-eh-item-inner\">\n\t\t<div class=\"edgtf-eh-item-content edgtf-eh-custom-4174\" style=\"padding: 0px 97px 0px 0px\">\n\t\t\t<div class=\"edgtf-single-image-holder   \">\n    <div class=\"edgtf-si-inner\" >\n                                    <img loading=\"lazy\" decoding=\"async\" width=\"600\" height=\"750\" src=\"https:\/\/hartwoodparis.com\/wp-content\/uploads\/2021\/04\/chaussure-homme.jpg\" class=\"attachment-full size-full\" alt=\"\" srcset=\"https:\/\/hartwoodparis.com\/wp-content\/uploads\/2021\/04\/chaussure-homme.jpg 600w, https:\/\/hartwoodparis.com\/wp-content\/uploads\/2021\/04\/chaussure-homme-240x300.jpg 240w\" sizes=\"(max-width: 600px) 100vw, 600px\" \/>                        <\/div>\n<\/div>\t\t<\/div>\n\t<\/div>\n<\/div><div class=\"edgtf-eh-item    \"  data-item-class=\"edgtf-eh-custom-5924\" data-1367-1600=\"0% 3% 0% 9%\" data-1025-1366=\"0% 0% 0 15%\" data-769-1024=\"8.7% 50px 0px 0px\" data-681-768=\"10.9% 50px 0px 0px\" data-680=\"21.7% 0% 0px 0px\">\n\t<div class=\"edgtf-eh-item-inner\">\n\t\t<div class=\"edgtf-eh-item-content edgtf-eh-custom-5924\" style=\"padding: 0% 0% 2px 15%\">\n\t\t\t<div class=\"edgtf-section-title-holder  \" >\n\t<div class=\"edgtf-st-inner\">\n\t\t\t\t\t<h6 class=\"edgtf-st-tagline\" >\n\t\t\t\tAUTOMNE 2025\t\t\t<\/h6>\n\t\t\t\t\t\t\t<h1 class=\"edgtf-st-title\" >\n\t\t\t\tChaussure <span class=\"edgtf-st-italic\">Homme<\/span>\t\t\t<\/h1>\n\t\t\t\t\t\t\t\t\t<div class=\"edgtf-st-button\"><a itemprop=\"url\" href=\"https:\/\/hartwoodparis.com\/product-category\/chaussures-homme\/\" target=\"_self\" style=\"margin: 47px 0 0\" class=\"edgtf-btn edgtf-btn-medium edgtf-btn-outline\"  >    <span class=\"edgtf-btn-text\">VOIR LES CHAUSSURES<\/span>    <\/a><\/div>\n\t\t\t<\/div>\n<\/div>\t\t<\/div>\n\t<\/div>\n<\/div><\/div><\/div><\/div><\/div><\/div><\/div><\/div><div class=\"vc_row wpb_row vc_row-fluid vc_custom_1555488966025\" ><div class=\"wpb_column vc_column_container vc_col-sm-12\"><div class=\"vc_column-inner\"><div class=\"wpb_wrapper\">\n\t<div  class=\"wpb_single_image wpb_content_element vc_align_center wpb_content_element vc_custom_1763721371542\">\n\t\t\n\t\t<figure class=\"wpb_wrapper vc_figure\">\n\t\t\t<div class=\"vc_single_image-wrapper   vc_box_border_grey\"><img loading=\"lazy\" decoding=\"async\" width=\"1179\" height=\"1413\" src=\"https:\/\/hartwoodparis.com\/wp-content\/uploads\/2025\/11\/IMG_8258.jpg\" class=\"vc_single_image-img attachment-full\" alt=\"\" title=\"IMG_8258\" srcset=\"https:\/\/hartwoodparis.com\/wp-content\/uploads\/2025\/11\/IMG_8258.jpg 1179w, https:\/\/hartwoodparis.com\/wp-content\/uploads\/2025\/11\/IMG_8258-250x300.jpg 250w, https:\/\/hartwoodparis.com\/wp-content\/uploads\/2025\/11\/IMG_8258-854x1024.jpg 854w, https:\/\/hartwoodparis.com\/wp-content\/uploads\/2025\/11\/IMG_8258-768x920.jpg 768w, https:\/\/hartwoodparis.com\/wp-content\/uploads\/2025\/11\/IMG_8258-10x12.jpg 10w, https:\/\/hartwoodparis.com\/wp-content\/uploads\/2025\/11\/IMG_8258-600x719.jpg 600w\" sizes=\"(max-width: 1179px) 100vw, 1179px\" \/><\/div>\n\t\t<\/figure>\n\t<\/div>\n<\/div><\/div><\/div><\/div><div class=\"edgtf-row-grid-section-wrapper \"  ><div class=\"edgtf-row-grid-section\"><div class=\"vc_row wpb_row vc_row-fluid vc_custom_1555489320483\" ><div class=\"wpb_column vc_column_container vc_col-sm-12\"><div class=\"vc_column-inner\"><div class=\"wpb_wrapper\"><div class=\"edgtf-section-title-holder  \" style=\"text-align: left\">\n\t<div class=\"edgtf-st-inner\">\n\t\t\t\t\t<h6 class=\"edgtf-st-tagline\" >\n\t\t\t\tNouveaut\u00e9\t\t\t<\/h6>\n\t\t\t\t\t\t\t<h1 class=\"edgtf-st-title\" >\n\t\t\t\tNos produits vedettes\t\t\t<\/h1>\n\t\t\t\t\t\t\t<\/div>\n<\/div><\/div><\/div><\/div><\/div><\/div><\/div><div class=\"edgtf-row-grid-section-wrapper \"  ><div class=\"edgtf-row-grid-section\"><div class=\"vc_row wpb_row vc_row-fluid\" ><div class=\"wpb_column vc_column_container vc_col-sm-12\"><div class=\"vc_column-inner\"><div class=\"wpb_wrapper\"><div class=\"edgtf-pl-holder edgtf-grid-list edgtf-disable-bottom-space edgtf-standard-layout edgtf-four-columns edgtf-normal-space edgtf-info-on-image-simple-predefined \">\n\t<div class=\"edgtf-pl-outer edgtf-outer-space\">\n\t\t<div class=\"edgtf-pli-messsage\"><p>No products were found!<\/p><\/div>\t<\/div>\n<\/div><\/div><\/div><\/div><\/div><\/div><\/div><div class=\"edgtf-row-grid-section-wrapper \"  ><div class=\"edgtf-row-grid-section\"><div class=\"vc_row wpb_row vc_row-fluid\" ><div class=\"wpb_column vc_column_container vc_col-sm-12\"><div class=\"vc_column-inner\"><div class=\"wpb_wrapper\"><div class=\"vc_empty_space\"   style=\"height: 100px\"><span class=\"vc_empty_space_inner\"><\/span><\/div><div class=\"edgtf-section-title-holder  \" >\n\t<div class=\"edgtf-st-inner\">\n\t\t\t\t\t\t\t<h1 class=\"edgtf-st-title\" >\n\t\t\t\tNos boutiques\t\t\t<\/h1>\n\t\t\t\t\t\t\t<\/div>\n<\/div><div class=\"vc_empty_space\"   style=\"height: 50px\"><span class=\"vc_empty_space_inner\"><\/span><\/div><div class=\"vc_row wpb_row vc_inner vc_row-fluid\" ><div class=\"wpb_column vc_column_container vc_col-sm-4\"><div class=\"vc_column-inner\"><div class=\"wpb_wrapper\">\n\t<div  class=\"wpb_single_image wpb_content_element vc_align_center wpb_content_element\">\n\t\t\n\t\t<figure class=\"wpb_wrapper vc_figure\">\n\t\t\t<div class=\"vc_single_image-wrapper   vc_box_border_grey\"><img loading=\"lazy\" decoding=\"async\" width=\"393\" height=\"313\" src=\"https:\/\/hartwoodparis.com\/wp-content\/uploads\/2020\/12\/boutique-1.jpg\" class=\"vc_single_image-img attachment-full\" alt=\"\" title=\"boutique-1\" srcset=\"https:\/\/hartwoodparis.com\/wp-content\/uploads\/2020\/12\/boutique-1.jpg 393w, https:\/\/hartwoodparis.com\/wp-content\/uploads\/2020\/12\/boutique-1-300x239.jpg 300w\" sizes=\"(max-width: 393px) 100vw, 393px\" \/><\/div>\n\t\t<\/figure>\n\t<\/div>\n<div class=\"vc_empty_space\"   style=\"height: 20px\"><span class=\"vc_empty_space_inner\"><\/span><\/div>\n\t<div class=\"wpb_text_column wpb_content_element\" >\n\t\t<div class=\"wpb_wrapper\">\n\t\t\t<p class=\"font_0\" style=\"text-align: center;\">40, rue du Bac, 75007 Paris<\/p>\n<p class=\"font_0\" style=\"text-align: center;\">T\u00e9l\u00e9phone\u00a0: +33 (0)1 45 48 81 21<\/p>\n\n\t\t<\/div>\n\t<\/div>\n<\/div><\/div><\/div><div class=\"wpb_column vc_column_container vc_col-sm-4\"><div class=\"vc_column-inner\"><div class=\"wpb_wrapper\">\n\t<div  class=\"wpb_single_image wpb_content_element vc_align_center wpb_content_element\">\n\t\t\n\t\t<figure class=\"wpb_wrapper vc_figure\">\n\t\t\t<div class=\"vc_single_image-wrapper   vc_box_border_grey\"><img loading=\"lazy\" decoding=\"async\" width=\"2560\" height=\"1694\" src=\"https:\/\/hartwoodparis.com\/wp-content\/uploads\/2025\/11\/IMG_2602-scaled.jpg\" class=\"vc_single_image-img attachment-full\" alt=\"\" title=\"IMG_2602\" srcset=\"https:\/\/hartwoodparis.com\/wp-content\/uploads\/2025\/11\/IMG_2602-scaled.jpg 2560w, https:\/\/hartwoodparis.com\/wp-content\/uploads\/2025\/11\/IMG_2602-300x198.jpg 300w, https:\/\/hartwoodparis.com\/wp-content\/uploads\/2025\/11\/IMG_2602-1024x677.jpg 1024w, https:\/\/hartwoodparis.com\/wp-content\/uploads\/2025\/11\/IMG_2602-768x508.jpg 768w, https:\/\/hartwoodparis.com\/wp-content\/uploads\/2025\/11\/IMG_2602-1536x1016.jpg 1536w, https:\/\/hartwoodparis.com\/wp-content\/uploads\/2025\/11\/IMG_2602-18x12.jpg 18w, https:\/\/hartwoodparis.com\/wp-content\/uploads\/2025\/11\/IMG_2602-600x397.jpg 600w\" sizes=\"(max-width: 2560px) 100vw, 2560px\" \/><\/div>\n\t\t<\/figure>\n\t<\/div>\n<div class=\"vc_empty_space\"   style=\"height: 20px\"><span class=\"vc_empty_space_inner\"><\/span><\/div>\n\t<div class=\"wpb_text_column wpb_content_element\" >\n\t\t<div class=\"wpb_wrapper\">\n\t\t\t<p class=\"font_0\" style=\"text-align: center;\">6, rue Marbeuf, 75008 Paris<\/p>\n<p class=\"font_0\" style=\"text-align: center;\">T\u00e9l\u00e9phone :\u00a0+ 33 (0)1 56 89 00 61<\/p>\n\n\t\t<\/div>\n\t<\/div>\n<\/div><\/div><\/div><div class=\"wpb_column vc_column_container vc_col-sm-4\"><div class=\"vc_column-inner\"><div class=\"wpb_wrapper\">\n\t<div  class=\"wpb_single_image wpb_content_element vc_align_center wpb_content_element\">\n\t\t\n\t\t<figure class=\"wpb_wrapper vc_figure\">\n\t\t\t<div class=\"vc_single_image-wrapper   vc_box_border_grey\"><img loading=\"lazy\" decoding=\"async\" width=\"393\" height=\"313\" src=\"https:\/\/hartwoodparis.com\/wp-content\/uploads\/2020\/12\/boutique-3.jpg\" class=\"vc_single_image-img attachment-full\" alt=\"\" title=\"boutique-3\" srcset=\"https:\/\/hartwoodparis.com\/wp-content\/uploads\/2020\/12\/boutique-3.jpg 393w, https:\/\/hartwoodparis.com\/wp-content\/uploads\/2020\/12\/boutique-3-300x239.jpg 300w\" sizes=\"(max-width: 393px) 100vw, 393px\" \/><\/div>\n\t\t<\/figure>\n\t<\/div>\n<div class=\"vc_empty_space\"   style=\"height: 20px\"><span class=\"vc_empty_space_inner\"><\/span><\/div>\n\t<div class=\"wpb_text_column wpb_content_element\" >\n\t\t<div class=\"wpb_wrapper\">\n\t\t\t<p class=\"font_0\" style=\"text-align: center;\">123,\u00a0rue du Faubourg St\u00a0Honor\u00e9, 75008 Paris<\/p>\n<p class=\"font_0\" style=\"text-align: center;\">T\u00e9l\u00e9phone :\u00a0+ 33 (0)1 43 59 23 29<\/p>\n\n\t\t<\/div>\n\t<\/div>\n<\/div><\/div><\/div><\/div><div class=\"vc_empty_space\"   style=\"height: 100px\"><span class=\"vc_empty_space_inner\"><\/span><\/div><\/div><\/div><\/div><\/div><\/div><\/div><div class=\"vc_row wpb_row vc_row-fluid\" ><div class=\"wpb_column vc_column_container vc_col-sm-12\"><div class=\"vc_column-inner\"><div class=\"wpb_wrapper\"><\/div><\/div><\/div><\/div>\n<\/div>","protected":false},"excerpt":{"rendered":"Les modes passent , L'\u00e9l\u00e9gance est \u00e9ternelle d\u00e9filer vers le bas AUTOMNE 2025 Collection Femme ACCEDER A LA COLLECTION FEMME AUTOMNE 2025 Collection Homme ACCEDER A LA COLLECTION HOMME AUTOMNE 2025 Accessoire Femme VOIR LES ACCESSOIRES AUTOMNE 2025 Accessoire Homme [...]","protected":false},"author":1,"featured_media":0,"parent":0,"menu_order":0,"comment_status":"closed","ping_status":"closed","template":"","meta":{"footnotes":""},"class_list":["post-17","page","type-page","status-publish","hentry"],"_links":{"self":[{"href":"https:\/\/hartwoodparis.com\/en\/wp-json\/wp\/v2\/pages\/17","targetHints":{"allow":["GET"]}}],"collection":[{"href":"https:\/\/hartwoodparis.com\/en\/wp-json\/wp\/v2\/pages"}],"about":[{"href":"https:\/\/hartwoodparis.com\/en\/wp-json\/wp\/v2\/types\/page"}],"author":[{"embeddable":true,"href":"https:\/\/hartwoodparis.com\/en\/wp-json\/wp\/v2\/users\/1"}],"replies":[{"embeddable":true,"href":"https:\/\/hartwoodparis.com\/en\/wp-json\/wp\/v2\/comments?post=17"}],"version-history":[{"count":0,"href":"https:\/\/hartwoodparis.com\/en\/wp-json\/wp\/v2\/pages\/17\/revisions"}],"wp:attachment":[{"href":"https:\/\/hartwoodparis.com\/en\/wp-json\/wp\/v2\/media?parent=17"}],"curies":[{"name":"wp","href":"https:\/\/api.w.org\/{rel}","templated":true}]}}