{"id":1213,"date":"2019-04-22T08:32:02","date_gmt":"2019-04-22T08:32:02","guid":{"rendered":"https:\/\/lacomete.edge-themes.com\/?page_id=1213"},"modified":"2021-06-08T09:33:40","modified_gmt":"2021-06-08T07:33:40","slug":"about-us","status":"publish","type":"page","link":"https:\/\/hartwoodparis.com\/en\/about-us\/","title":{"rendered":"Personalized Shopping"},"content":{"rendered":"<div class=\"wpb-content-wrapper\"><div class=\"edgtf-row-grid-section-wrapper\"  ><div class=\"edgtf-row-grid-section\"><div class=\"vc_row wpb_row vc_row-fluid\" ><div class=\"wpb_column vc_column_container vc_col-sm-6\"><div class=\"vc_column-inner\"><div class=\"wpb_wrapper\"><div class=\"edgtf-elements-holder   edgtf-two-columns  edgtf-responsive-mode-1024\" ><div class=\"edgtf-eh-item\"  data-item-class=\"edgtf-eh-custom-9131\">\n\t<div class=\"edgtf-eh-item-inner\">\n\t\t<div class=\"edgtf-eh-item-content edgtf-eh-custom-9131\" style=\"padding: 0 0 0 0\">\n\t\t\t<div class=\"edgtf-single-image-holder\">\n    <div class=\"edgtf-si-inner\" >\n                                    <img fetchpriority=\"high\" decoding=\"async\" width=\"558\" height=\"798\" src=\"https:\/\/hartwoodparis.com\/wp-content\/uploads\/2020\/12\/shopping-personnalise.jpg\" class=\"attachment-full size-full\" alt=\"\" srcset=\"https:\/\/hartwoodparis.com\/wp-content\/uploads\/2020\/12\/shopping-personnalise.jpg 558w, https:\/\/hartwoodparis.com\/wp-content\/uploads\/2020\/12\/shopping-personnalise-210x300.jpg 210w\" sizes=\"(max-width: 558px) 100vw, 558px\" \/>                        <\/div>\n<\/div>\t\t<\/div>\n\t<\/div>\n<\/div><\/div><\/div><\/div><\/div><div class=\"wpb_column vc_column_container vc_col-sm-6\"><div class=\"vc_column-inner\"><div class=\"wpb_wrapper\">\n\t<div class=\"wpb_text_column wpb_content_element\" >\n\t\t<div class=\"wpb_wrapper\">\n\t\t\t<p class=\"font_0\">Hartwood Paris vous propose de remplir le formulaire ci-dessous afin de convenir d&rsquo;un rendez-vous pour une exp\u00e9rience shopping unique et personnalis\u00e9e. Notre \u00e9quipe vous s\u00e9lectionnera en amont une gamme de v\u00eatements et d&rsquo;accessoires bas\u00e9e sur vos attentes. D\u00e8s la r\u00e9ception du formulaire, permettez-nous un d\u00e9lais de 24h pour vous joindre.<\/p>\n\n\t\t<\/div>\n\t<\/div>\n<div class=\"vc_empty_space\"   style=\"height: 30px\"><span class=\"vc_empty_space_inner\"><\/span><\/div>\n<div class=\"wpcf7 no-js\" id=\"wpcf7-f4129-o1\" lang=\"fr-FR\" dir=\"ltr\" data-wpcf7-id=\"4129\">\n<div class=\"screen-reader-response\"><p role=\"status\" aria-live=\"polite\" aria-atomic=\"true\"><\/p> <ul><\/ul><\/div>\n<form action=\"\/en\/wp-json\/wp\/v2\/pages\/1213#wpcf7-f4129-o1\" method=\"post\" class=\"wpcf7-form init\" aria-label=\"Formulaire de contact\" novalidate=\"novalidate\" data-status=\"init\" data-trp-original-action=\"\/en\/wp-json\/wp\/v2\/pages\/1213#wpcf7-f4129-o1\">\n<fieldset class=\"hidden-fields-container\"><input type=\"hidden\" name=\"_wpcf7\" value=\"4129\" \/><input type=\"hidden\" name=\"_wpcf7_version\" value=\"6.1.3\" \/><input type=\"hidden\" name=\"_wpcf7_locale\" value=\"fr_FR\" \/><input type=\"hidden\" name=\"_wpcf7_unit_tag\" value=\"wpcf7-f4129-o1\" \/><input type=\"hidden\" name=\"_wpcf7_container_post\" value=\"0\" \/><input type=\"hidden\" name=\"_wpcf7_posted_data_hash\" value=\"\" \/>\n<\/fieldset>\n<p><label> Cat\u00e9gorie \/ Category <span class=\"wpcf7-form-control-wrap\" data-name=\"categorie-sur-mesure\"><select class=\"wpcf7-form-control wpcf7-select\" aria-invalid=\"false\" multiple=\"multiple\" name=\"categorie-sur-mesure[]\"><option value=\"Pr\u00eat-\u00e0-porter Homme \/ Men ready-to-wear\">Pr\u00eat-\u00e0-porter Homme \/ Men ready-to-wear<\/option><option value=\"Pr\u00eat-\u00e0-porter Femme \/ Women ready-to-wear\">Pr\u00eat-\u00e0-porter Femme \/ Women ready-to-wear<\/option><option value=\"Sur mesure Homme \/ Custom Men Coutur\">Sur mesure Homme \/ Custom Men Coutur<\/option><option value=\"Sur mesure Femme \/ Custom Women Coutur\">Sur mesure Femme \/ Custom Women Coutur<\/option><\/select><\/span><\/label>\n<\/p>\n<p><label> Nom Pr\u00e9nom \/ Last Name First Name <span class=\"wpcf7-form-control-wrap\" data-name=\"your-name\"><input size=\"40\" maxlength=\"400\" class=\"wpcf7-form-control wpcf7-text wpcf7-validates-as-required\" aria-required=\"true\" aria-invalid=\"false\" value=\"\" type=\"text\" name=\"your-name\" \/><\/span> <\/label>\n<\/p>\n<p><label> T\u00e9l\u00e9phone \/ Phone <span class=\"wpcf7-form-control-wrap\" data-name=\"tel-835\"><input size=\"40\" maxlength=\"400\" class=\"wpcf7-form-control wpcf7-tel wpcf7-text wpcf7-validates-as-tel\" aria-invalid=\"false\" value=\"\" type=\"tel\" name=\"tel-835\" \/><\/span><\/label>\n<\/p>\n<p><label> Adresse e-mail \/ Email Address<span class=\"wpcf7-form-control-wrap\" data-name=\"your-email\"><input size=\"40\" maxlength=\"400\" class=\"wpcf7-form-control wpcf7-email wpcf7-validates-as-required wpcf7-text wpcf7-validates-as-email\" aria-required=\"true\" aria-invalid=\"false\" value=\"\" type=\"email\" name=\"your-email\" \/><\/span> <\/label>\n<\/p>\n<p><label> Rendez-vous \/ Appointment<span class=\"wpcf7-form-control-wrap\" data-name=\"date-513\"><input class=\"wpcf7-form-control wpcf7-date wpcf7-validates-as-date\" aria-invalid=\"false\" value=\"\" type=\"date\" name=\"date-513\" \/><\/span><\/label>\n<\/p>\n<p><label> Horaires \/ Hours <span class=\"wpcf7-form-control-wrap\" data-name=\"horaire\"><select class=\"wpcf7-form-control wpcf7-select\" aria-invalid=\"false\" name=\"horaire\"><option value=\"Matin\u00e9e \/ Morning\">Matin\u00e9e \/ Morning<\/option><option value=\"Apr\u00e8s-midi \/ Afternoon\">Apr\u00e8s-midi \/ Afternoon<\/option><option value=\"Soir \/ Evening\">Soir \/ Evening<\/option><option value=\"10am \/ 12 pm\">10am \/ 12 pm<\/option><option value=\"12 pm \/ 2 pm\">12 pm \/ 2 pm<\/option><option value=\"4 pm \/ 6 pm\">4 pm \/ 6 pm<\/option><option value=\"6 pm \/ 8 pm (&gt;5000 euros)\">6 pm \/ 8 pm (&gt;5000 euros)<\/option><\/select><\/span><\/label>\n<\/p>\n<p><label> Budget \/ Budget<span class=\"wpcf7-form-control-wrap\" data-name=\"budget\"><select class=\"wpcf7-form-control wpcf7-select\" aria-invalid=\"false\" name=\"budget\"><option value=\"Entre 0 et 1000 Euros\">Entre 0 et 1000 Euros<\/option><option value=\"Entre 1000 et 3000 Euros\">Entre 1000 et 3000 Euros<\/option><option value=\"Entre 3000 et 5000 Euros\">Entre 3000 et 5000 Euros<\/option><option value=\"5000 Euros et +\">5000 Euros et +<\/option><\/select><\/span><\/label>\n<\/p>\n<p><label><span class=\"wpcf7-form-control-wrap\" data-name=\"Boutiques\"><select class=\"wpcf7-form-control wpcf7-select\" aria-invalid=\"false\" name=\"Boutiques\"><option value=\"Paris 7e \/ 40, rue du Bac\">Paris 7e \/ 40, rue du Bac<\/option><option value=\"Paris 8e\/ 6, rue Marbeuf\">Paris 8e\/ 6, rue Marbeuf<\/option><option value=\"Paris 8e \/ 123 rue de Fb St Honore\">Paris 8e \/ 123 rue de Fb St Honore<\/option><\/select><\/span><\/label>\n<\/p>\n<p><label>Commentaires \/ Comments<br \/>\n<span class=\"wpcf7-form-control-wrap\" data-name=\"textarea-781\"><textarea cols=\"40\" rows=\"10\" maxlength=\"2000\" class=\"wpcf7-form-control wpcf7-textarea\" aria-invalid=\"false\" name=\"textarea-781\"><\/textarea><\/span><\/label>\n<\/p>\n<p><button class=\"wpcf7-form-control wpcf7-submit edgtf-btn edgtf-btn-medium edgtf-btn-solid\" type=\"submit\"><span class=\"edgtf-btn-text\">Envoyer<\/span><\/button>\n<\/p><div class=\"wpcf7-response-output\" aria-hidden=\"true\"><\/div>\n<input type=\"hidden\" name=\"trp-form-language\" value=\"en\"\/><\/form>\n<\/div>\n<\/div><\/div><\/div><\/div><\/div><\/div><section class=\"vc_section\"><div class=\"vc_row wpb_row vc_row-fluid\" ><div class=\"wpb_column vc_column_container vc_col-sm-12\"><div class=\"vc_column-inner\"><div class=\"wpb_wrapper\"><div class=\"vc_empty_space\"   style=\"height: 100px\"><span class=\"vc_empty_space_inner\"><\/span><\/div><\/div><\/div><\/div><\/div><div class=\"vc_row wpb_row vc_row-fluid\" ><div class=\"wpb_column vc_column_container vc_col-sm-4\"><div class=\"vc_column-inner\"><div class=\"wpb_wrapper\">\n\t<div  class=\"wpb_single_image wpb_content_element vc_align_center wpb_content_element\">\n\t\t\n\t\t<figure class=\"wpb_wrapper vc_figure\">\n\t\t\t<div class=\"vc_single_image-wrapper   vc_box_border_grey\"><img decoding=\"async\" width=\"393\" height=\"313\" src=\"https:\/\/hartwoodparis.com\/wp-content\/uploads\/2020\/12\/boutique-1.jpg\" class=\"vc_single_image-img attachment-full\" alt=\"\" title=\"boutique-1\" srcset=\"https:\/\/hartwoodparis.com\/wp-content\/uploads\/2020\/12\/boutique-1.jpg 393w, https:\/\/hartwoodparis.com\/wp-content\/uploads\/2020\/12\/boutique-1-300x239.jpg 300w\" sizes=\"(max-width: 393px) 100vw, 393px\" \/><\/div>\n\t\t<\/figure>\n\t<\/div>\n<div class=\"vc_empty_space\"   style=\"height: 20px\"><span class=\"vc_empty_space_inner\"><\/span><\/div>\n\t<div class=\"wpb_text_column wpb_content_element\" >\n\t\t<div class=\"wpb_wrapper\">\n\t\t\t<p class=\"font_0\" style=\"text-align: center;\">40, rue du Bac, 75007 Paris<\/p>\n<p class=\"font_0\" style=\"text-align: center;\">T\u00e9l\u00e9phone : +33 (0)1 45 48 81 21<\/p>\n<div class=\"wpb_column vc_column_container vc_col-sm-4\">\n<div class=\"vc_column-inner\">\n<div class=\"wpb_wrapper\" style=\"text-align: center;\"><\/div>\n<\/div>\n<\/div>\n\n\t\t<\/div>\n\t<\/div>\n<div class=\"vc_empty_space\"   style=\"height: 32px\"><span class=\"vc_empty_space_inner\"><\/span><\/div><\/div><\/div><\/div><div class=\"wpb_column vc_column_container vc_col-sm-4\"><div class=\"vc_column-inner\"><div class=\"wpb_wrapper\">\n\t<div  class=\"wpb_single_image wpb_content_element vc_align_center wpb_content_element\">\n\t\t\n\t\t<figure class=\"wpb_wrapper vc_figure\">\n\t\t\t<div class=\"vc_single_image-wrapper   vc_box_border_grey\"><img decoding=\"async\" width=\"393\" height=\"313\" src=\"https:\/\/hartwoodparis.com\/wp-content\/uploads\/2020\/12\/boutique-2.jpg\" class=\"vc_single_image-img attachment-full\" alt=\"\" title=\"boutique-2\" srcset=\"https:\/\/hartwoodparis.com\/wp-content\/uploads\/2020\/12\/boutique-2.jpg 393w, https:\/\/hartwoodparis.com\/wp-content\/uploads\/2020\/12\/boutique-2-300x239.jpg 300w\" sizes=\"(max-width: 393px) 100vw, 393px\" \/><\/div>\n\t\t<\/figure>\n\t<\/div>\n<div class=\"vc_empty_space\"   style=\"height: 20px\"><span class=\"vc_empty_space_inner\"><\/span><\/div>\n\t<div class=\"wpb_text_column wpb_content_element\" >\n\t\t<div class=\"wpb_wrapper\">\n\t\t\t<p class=\"font_0\" style=\"text-align: center;\">6, rue Marbeuf, 75008 Paris<\/p>\n<p class=\"font_0\" style=\"text-align: center;\">T\u00e9l\u00e9phone : + 33 (0)1 56 89 00 61<\/p>\n<div class=\"wpb_column vc_column_container vc_col-sm-4\">\n<div class=\"vc_column-inner\">\n<div class=\"wpb_wrapper\" style=\"text-align: center;\"><\/div>\n<\/div>\n<\/div>\n\n\t\t<\/div>\n\t<\/div>\n<div class=\"vc_empty_space\"   style=\"height: 32px\"><span class=\"vc_empty_space_inner\"><\/span><\/div><\/div><\/div><\/div><div class=\"wpb_column vc_column_container vc_col-sm-4\"><div class=\"vc_column-inner\"><div class=\"wpb_wrapper\">\n\t<div  class=\"wpb_single_image wpb_content_element vc_align_center wpb_content_element\">\n\t\t\n\t\t<figure class=\"wpb_wrapper vc_figure\">\n\t\t\t<div class=\"vc_single_image-wrapper   vc_box_border_grey\"><img loading=\"lazy\" decoding=\"async\" width=\"393\" height=\"313\" src=\"https:\/\/hartwoodparis.com\/wp-content\/uploads\/2020\/12\/boutique-3.jpg\" class=\"vc_single_image-img attachment-full\" alt=\"\" title=\"boutique-3\" srcset=\"https:\/\/hartwoodparis.com\/wp-content\/uploads\/2020\/12\/boutique-3.jpg 393w, https:\/\/hartwoodparis.com\/wp-content\/uploads\/2020\/12\/boutique-3-300x239.jpg 300w\" sizes=\"(max-width: 393px) 100vw, 393px\" \/><\/div>\n\t\t<\/figure>\n\t<\/div>\n<div class=\"vc_empty_space\"   style=\"height: 20px\"><span class=\"vc_empty_space_inner\"><\/span><\/div>\n\t<div class=\"wpb_text_column wpb_content_element\" >\n\t\t<div class=\"wpb_wrapper\">\n\t\t\t<p class=\"font_0\" style=\"text-align: center;\">123, rue du Faubourg St Honor\u00e9, 75008 Paris<\/p>\n<p class=\"font_0\" style=\"text-align: center;\">T\u00e9l\u00e9phone : + 33 (0)1 43 59 23 29<\/p>\n\n\t\t<\/div>\n\t<\/div>\n<div class=\"vc_empty_space\"   style=\"height: 32px\"><span class=\"vc_empty_space_inner\"><\/span><\/div><\/div><\/div><\/div><\/div><\/section>\n<\/div>","protected":false},"excerpt":{"rendered":"Hartwood Paris vous propose de remplir le formulaire ci-dessous afin de convenir d'un rendez-vous pour une exp\u00e9rience shopping unique et personnalis\u00e9e. Notre \u00e9quipe vous s\u00e9lectionnera en amont une gamme de v\u00eatements et d'accessoires bas\u00e9e sur vos attentes. D\u00e8s la r\u00e9ception [...]","protected":false},"author":1,"featured_media":0,"parent":0,"menu_order":0,"comment_status":"closed","ping_status":"closed","template":"full-width.php","meta":{"footnotes":""},"class_list":["post-1213","page","type-page","status-publish","hentry"],"_links":{"self":[{"href":"https:\/\/hartwoodparis.com\/en\/wp-json\/wp\/v2\/pages\/1213","targetHints":{"allow":["GET"]}}],"collection":[{"href":"https:\/\/hartwoodparis.com\/en\/wp-json\/wp\/v2\/pages"}],"about":[{"href":"https:\/\/hartwoodparis.com\/en\/wp-json\/wp\/v2\/types\/page"}],"author":[{"embeddable":true,"href":"https:\/\/hartwoodparis.com\/en\/wp-json\/wp\/v2\/users\/1"}],"replies":[{"embeddable":true,"href":"https:\/\/hartwoodparis.com\/en\/wp-json\/wp\/v2\/comments?post=1213"}],"version-history":[{"count":0,"href":"https:\/\/hartwoodparis.com\/en\/wp-json\/wp\/v2\/pages\/1213\/revisions"}],"wp:attachment":[{"href":"https:\/\/hartwoodparis.com\/en\/wp-json\/wp\/v2\/media?parent=1213"}],"curies":[{"name":"wp","href":"https:\/\/api.w.org\/{rel}","templated":true}]}}